{"id":1319,"date":"2018-05-01T17:05:53","date_gmt":"2018-05-01T15:05:53","guid":{"rendered":"http:\/\/shop.mittgard.de\/?product=import-placeholder-for-3218"},"modified":"2024-12-14T14:06:09","modified_gmt":"2024-12-14T13:06:09","slug":"olibanum-aden","status":"publish","type":"product","link":"https:\/\/shop.mittgard.de\/?product=olibanum-aden","title":{"rendered":"Olibanum Aden (50g)"},"content":{"rendered":"<p>lieblicher w\u00fcrzig-frischer Duft<\/p>\n<blockquote>\n<pre><span style=\"font-family: Lucida Blackletter, cursive; font-size: 12pt;\">Olibanum<\/span>\r\n\r\n<span style=\"font-family: Lucida Blackletter, cursive; font-size: 12pt;\">Der Rauch Olibani ist gut den schwerdenden Augen<\/span>\r\n<span style=\"font-family: Lucida Blackletter, cursive; font-size: 12pt;\">darein gelassene.<\/span>\r\n<span style=\"font-family: Lucida Blackletter, cursive; font-size: 12pt;\">Benimt die Traurigkeit<\/span>\r\n<span style=\"font-family: Lucida Blackletter, cursive; font-size: 12pt;\">Mehret die Vernunfft<\/span>\r\n<span style=\"font-family: Lucida Blackletter, cursive; font-size: 12pt;\">St\u00e4rcket das Herz<\/span>\r\n<span style=\"font-family: Lucida Blackletter, cursive; font-size: 12pt;\">Und macht fr\u00f6lich gebl\u00fct<\/span>\r\n\r\n<span style=\"font-size: 12pt;\">Lonicerus 1679<\/span><\/pre>\n<\/blockquote>\n","protected":false},"excerpt":{"rendered":"<p>lieblicher w\u00fcrzig-frischer Duft Olibanum Der Rauch Olibani ist gut den schwerdenden Augen darein gelassene. Benimt die Traurigkeit Mehret die Vernunfft St\u00e4rcket das Herz Und macht fr\u00f6lich gebl\u00fct Lonicerus 1679<\/p>\n","protected":false},"featured_media":1697,"template":"","meta":[],"product_brand":[],"product_cat":[112,110],"product_tag":[140,133],"class_list":{"0":"post-1319","1":"product","2":"type-product","3":"status-publish","4":"has-post-thumbnail","6":"product_cat-harze","7":"product_cat-raeucherwerk","8":"product_tag-frisch","9":"product_tag-wuerzig","10":"product_shipping_class-paket","12":"first","13":"instock","14":"taxable","15":"shipping-taxable","16":"purchasable","17":"product-type-simple"},"_links":{"self":[{"href":"https:\/\/shop.mittgard.de\/index.php?rest_route=\/wp\/v2\/product\/1319","targetHints":{"allow":["GET"]}}],"collection":[{"href":"https:\/\/shop.mittgard.de\/index.php?rest_route=\/wp\/v2\/product"}],"about":[{"href":"https:\/\/shop.mittgard.de\/index.php?rest_route=\/wp\/v2\/types\/product"}],"wp:featuredmedia":[{"embeddable":true,"href":"https:\/\/shop.mittgard.de\/index.php?rest_route=\/wp\/v2\/media\/1697"}],"wp:attachment":[{"href":"https:\/\/shop.mittgard.de\/index.php?rest_route=%2Fwp%2Fv2%2Fmedia&parent=1319"}],"wp:term":[{"taxonomy":"product_brand","embeddable":true,"href":"https:\/\/shop.mittgard.de\/index.php?rest_route=%2Fwp%2Fv2%2Fproduct_brand&post=1319"},{"taxonomy":"product_cat","embeddable":true,"href":"https:\/\/shop.mittgard.de\/index.php?rest_route=%2Fwp%2Fv2%2Fproduct_cat&post=1319"},{"taxonomy":"product_tag","embeddable":true,"href":"https:\/\/shop.mittgard.de\/index.php?rest_route=%2Fwp%2Fv2%2Fproduct_tag&post=1319"}],"curies":[{"name":"wp","href":"https:\/\/api.w.org\/{rel}","templated":true}]}}