{"id":1320,"date":"2018-05-01T17:05:53","date_gmt":"2018-05-01T15:05:53","guid":{"rendered":"http:\/\/shop.mittgard.de\/?product=import-placeholder-for-3219"},"modified":"2024-12-14T14:06:34","modified_gmt":"2024-12-14T13:06:34","slug":"olibanum-eritrea","status":"publish","type":"product","link":"https:\/\/shop.mittgard.de\/?product=olibanum-eritrea","title":{"rendered":"Olibanum Eritrea (50g)"},"content":{"rendered":"<p>edel &#8211; balsamisch, Hauptbestandteil des Kirchenweihrauchs, angeblich THC &#8211; haltig<\/p>\n<blockquote>\n<pre><span style=\"font-family: Lucida Blackletter, cursive; font-size: 12pt;\">Olibanum<\/span>\r\n\r\n<span style=\"font-family: Lucida Blackletter, cursive; font-size: 12pt;\">Der Rauch Olibani ist gut den schwerdenden Augen<\/span>\r\n<span style=\"font-family: Lucida Blackletter, cursive; font-size: 12pt;\">darein gelassene.<\/span>\r\n<span style=\"font-family: Lucida Blackletter, cursive; font-size: 12pt;\">Benimt die Traurigkeit<\/span>\r\n<span style=\"font-family: Lucida Blackletter, cursive; font-size: 12pt;\">Mehret die Vernunfft<\/span>\r\n<span style=\"font-family: Lucida Blackletter, cursive; font-size: 12pt;\">St\u00e4rcket das Herz<\/span>\r\n<span style=\"font-family: Lucida Blackletter, cursive; font-size: 12pt;\">Und macht fr\u00f6lich gebl\u00fct<\/span>\r\n\r\n<span style=\"font-size: 12pt;\">Lonicerus 1679<\/span><\/pre>\n<\/blockquote>\n","protected":false},"excerpt":{"rendered":"<p>edel &#8211; balsamisch, Hauptbestandteil des Kirchenweihrauchs, angeblich THC &#8211; haltig Olibanum Der Rauch Olibani ist gut den schwerdenden Augen darein gelassene. Benimt die Traurigkeit Mehret die Vernunfft St\u00e4rcket das Herz Und macht fr\u00f6lich gebl\u00fct Lonicerus 1679<\/p>\n","protected":false},"featured_media":1699,"template":"","meta":[],"product_brand":[],"product_cat":[112,110],"product_tag":[143],"class_list":{"0":"post-1320","1":"product","2":"type-product","3":"status-publish","4":"has-post-thumbnail","6":"product_cat-harze","7":"product_cat-raeucherwerk","8":"product_tag-balsamisch","9":"product_shipping_class-paket","11":"first","12":"instock","13":"taxable","14":"shipping-taxable","15":"purchasable","16":"product-type-simple"},"_links":{"self":[{"href":"https:\/\/shop.mittgard.de\/index.php?rest_route=\/wp\/v2\/product\/1320","targetHints":{"allow":["GET"]}}],"collection":[{"href":"https:\/\/shop.mittgard.de\/index.php?rest_route=\/wp\/v2\/product"}],"about":[{"href":"https:\/\/shop.mittgard.de\/index.php?rest_route=\/wp\/v2\/types\/product"}],"wp:featuredmedia":[{"embeddable":true,"href":"https:\/\/shop.mittgard.de\/index.php?rest_route=\/wp\/v2\/media\/1699"}],"wp:attachment":[{"href":"https:\/\/shop.mittgard.de\/index.php?rest_route=%2Fwp%2Fv2%2Fmedia&parent=1320"}],"wp:term":[{"taxonomy":"product_brand","embeddable":true,"href":"https:\/\/shop.mittgard.de\/index.php?rest_route=%2Fwp%2Fv2%2Fproduct_brand&post=1320"},{"taxonomy":"product_cat","embeddable":true,"href":"https:\/\/shop.mittgard.de\/index.php?rest_route=%2Fwp%2Fv2%2Fproduct_cat&post=1320"},{"taxonomy":"product_tag","embeddable":true,"href":"https:\/\/shop.mittgard.de\/index.php?rest_route=%2Fwp%2Fv2%2Fproduct_tag&post=1320"}],"curies":[{"name":"wp","href":"https:\/\/api.w.org\/{rel}","templated":true}]}}