{"id":1325,"date":"2018-05-01T17:05:58","date_gmt":"2018-05-01T15:05:58","guid":{"rendered":"http:\/\/shop.mittgard.de\/?product=import-placeholder-for-3224"},"modified":"2024-12-14T14:08:10","modified_gmt":"2024-12-14T13:08:10","slug":"opopanax-suesse-myrrhe","status":"publish","type":"product","link":"https:\/\/shop.mittgard.de\/?product=opopanax-suesse-myrrhe","title":{"rendered":"Opopanax &#8211; s\u00fc\u00dfe Myrrhe (50g)"},"content":{"rendered":"<p>erdig, herb &#8211; sinnlich mit leicht s\u00fc\u00dflicher Note<\/p>\n","protected":false},"excerpt":{"rendered":"<p>erdig, herb &#8211; sinnlich mit leicht s\u00fc\u00dflicher Note<\/p>\n","protected":false},"featured_media":1703,"template":"","meta":[],"product_brand":[],"product_cat":[112,110],"product_tag":[144,129],"class_list":{"0":"post-1325","1":"product","2":"type-product","3":"status-publish","4":"has-post-thumbnail","6":"product_cat-harze","7":"product_cat-raeucherwerk","8":"product_tag-erdig","9":"product_tag-suesslich","10":"product_shipping_class-paket","12":"first","13":"instock","14":"taxable","15":"shipping-taxable","16":"purchasable","17":"product-type-simple"},"_links":{"self":[{"href":"https:\/\/shop.mittgard.de\/index.php?rest_route=\/wp\/v2\/product\/1325","targetHints":{"allow":["GET"]}}],"collection":[{"href":"https:\/\/shop.mittgard.de\/index.php?rest_route=\/wp\/v2\/product"}],"about":[{"href":"https:\/\/shop.mittgard.de\/index.php?rest_route=\/wp\/v2\/types\/product"}],"wp:featuredmedia":[{"embeddable":true,"href":"https:\/\/shop.mittgard.de\/index.php?rest_route=\/wp\/v2\/media\/1703"}],"wp:attachment":[{"href":"https:\/\/shop.mittgard.de\/index.php?rest_route=%2Fwp%2Fv2%2Fmedia&parent=1325"}],"wp:term":[{"taxonomy":"product_brand","embeddable":true,"href":"https:\/\/shop.mittgard.de\/index.php?rest_route=%2Fwp%2Fv2%2Fproduct_brand&post=1325"},{"taxonomy":"product_cat","embeddable":true,"href":"https:\/\/shop.mittgard.de\/index.php?rest_route=%2Fwp%2Fv2%2Fproduct_cat&post=1325"},{"taxonomy":"product_tag","embeddable":true,"href":"https:\/\/shop.mittgard.de\/index.php?rest_route=%2Fwp%2Fv2%2Fproduct_tag&post=1325"}],"curies":[{"name":"wp","href":"https:\/\/api.w.org\/{rel}","templated":true}]}}