{"id":1327,"date":"2018-05-01T17:05:59","date_gmt":"2018-05-01T15:05:59","guid":{"rendered":"http:\/\/shop.mittgard.de\/?product=import-placeholder-for-3226"},"modified":"2024-12-14T14:10:03","modified_gmt":"2024-12-14T13:10:03","slug":"styrax-jemen-koernig","status":"publish","type":"product","link":"https:\/\/shop.mittgard.de\/?product=styrax-jemen-koernig","title":{"rendered":"Styrax Jemen k\u00f6rnig (25g)"},"content":{"rendered":"<p>schwerer, s\u00fc\u00dfer, harzig-blumiger Duft, f\u00fcr mediale Arbeit&#8230;<\/p>\n<blockquote>\n<pre class=\"western\"><span style=\"font-family: symbol; font-size: 12pt;\">Styrax<\/span>\r\n\r\n<span style=\"font-family: symbol;\"><span style=\"font-size: x-large;\"><span style=\"font-size: 12pt;\">Der Styraxbaum wird 6 - 10 Meter hoch und w\u00e4chst gerne \r\nbuschf\u00f6rmig. Um das Harz zu gewinnen, wird der Stamm \r\nangeschnitten und der ausflie\u00dfende hellfl\u00fcssige Balsam wird\r\nin S\u00e4cken gesammelt. So wird er auch fl\u00fcssig angeboten oder \r\nauch gepre\u00dft in St\u00fccken. Auch aus der gesch\u00e4lten duftenden \r\nRinde wird das Harz gewonnen; in dunkelschwarze St\u00fccke \r\ngepre\u00dft oder in feinen Sp\u00e4nen angeboten. In der Antike war \r\nder Styrax ein Festduft, der nur an besonderen Tagen verr\u00e4uchert \r\nwurde, um ihm einen w\u00fcrdigen Duft zu verleihen. Styrax kann \r\ns\u00fc\u00dfe, blumige R\u00e4ucherungen intensiv und strahlender machen \r\nund wurde auch als Ersatz f\u00fcr Amber genutzt, das vom Pottwal \r\nstammt. In der R\u00e4ucherheilkunde wird es wegen seiner \r\nschleiml\u00f6senden Wirkung bei Bronchitis gesch\u00e4tzt. \r\n\u00c4u\u00dferlich wird es bei Hauterkrankungen und Kr\u00e4tze genutzt. \r\nBeim R\u00e4uchern verstr\u00f6mt es einen balsamischen, zimt - s\u00fc\u00dfen, \r\nharzig, blumigen, femininen, intensiven, leicht grasartigen Duft. \r\nDer Duft wirkt beruhigend, entspannend und hilft - verr\u00e4uchert \r\nam Abend - bei Schlafst\u00f6rungen.<\/span> \r\n\r\n<\/span><\/span><\/pre>\n<pre class=\"western\"><span style=\"font-size: 12pt; font-family: symbol;\">Styrax<\/span>\r\n\r\n<span style=\"font-size: 12pt; font-family: symbol;\">Styrax ist auch auss denen St\u00fccken<\/span>\r\n<span style=\"font-family: symbol; font-size: 12pt;\">Die da t\u00f6dten<\/span>\r\n<span style=\"font-family: symbol; font-size: 12pt;\">Gleich dem Bilsenkraut<\/span>\r\n<span style=\"font-family: symbol; font-size: 12pt;\">Wie man diese drey n\u00fcsset<\/span>\r\n<span style=\"font-family: symbol; font-size: 12pt;\">Seynd sie gut den Fl\u00fcssen dess Haupts<\/span>\r\n<span style=\"font-family: symbol; font-size: 12pt;\">Und darvon getruncken<\/span>\r\n<span style=\"font-family: symbol; font-size: 12pt;\">Bringet es den Frauen ihre Zeit.<\/span>\r\n<span style=\"font-family: symbol; font-size: 12pt;\">Der Rauch Calamite<\/span>\r\n<span style=\"font-family: symbol; font-size: 12pt;\">Vergleichet sich dem Rauch dess weissen Weyrauchs.<\/span>\r\n<span style=\"font-family: symbol; font-size: 12pt;\">Der Rauch Styracis in die Nase gelassen<\/span>\r\n<span style=\"font-family: symbol; font-size: 12pt;\">Trucknet alle Fl\u00fcss dess Hauptes.<\/span>\r\n<span style=\"font-family: symbol; font-size: 12pt;\">Also gen\u00fcsst<\/span>\r\n<span style=\"font-family: symbol; font-size: 12pt;\">Und ausswenig am Leib geschmiert<\/span>\r\n<span style=\"font-family: symbol; font-size: 12pt;\">Heilet es den b\u00f6sen Grind.<\/span>\r\n<span style=\"font-family: symbol; font-size: 12pt;\">Styrax calamita,<\/span>\r\n<span style=\"font-family: symbol; font-size: 12pt;\">mit Laudano und Styrace liquida vermischt <\/span>\r\n<span style=\"font-family: symbol; font-size: 12pt;\">und daran gerochen<\/span>\r\n<span style=\"font-family: symbol; font-size: 12pt;\">ist gut dem fliessenden Hirn.<\/span>\r\n<span style=\"font-family: symbol; font-size: 12pt;\">Oder auf Kohlen gelegt<\/span>\r\n<span style=\"font-family: symbol; font-size: 12pt;\">Und den Rauch gerochen<\/span>\r\n<span style=\"font-family: symbol; font-size: 12pt;\">Ist besser.<\/span>\r\n\r\n<span style=\"font-size: 12pt; font-family: symbol;\">Lonicerus 1679<\/span><\/pre>\n<\/blockquote>\n","protected":false},"excerpt":{"rendered":"<p>schwerer, s\u00fc\u00dfer, harzig-blumiger Duft, f\u00fcr mediale Arbeit&#8230; Styrax Der Styraxbaum wird 6 &#8211; 10 Meter hoch und w\u00e4chst gerne buschf\u00f6rmig. Um das Harz zu gewinnen, wird der Stamm angeschnitten und der ausflie\u00dfende hellfl\u00fcssige Balsam wird in S\u00e4cken gesammelt. So wird er auch fl\u00fcssig angeboten oder auch gepre\u00dft in St\u00fccken. Auch aus der gesch\u00e4lten duftenden Rinde &hellip; <\/p>\n<p class=\"link-more\"><a href=\"https:\/\/shop.mittgard.de\/?product=styrax-jemen-koernig\" class=\"more-link\"><span class=\"screen-reader-text\">\u201eStyrax Jemen k\u00f6rnig (25g)\u201c <\/span>weiterlesen<\/a><\/p>\n","protected":false},"featured_media":1707,"template":"","meta":[],"product_brand":[],"product_cat":[112,110],"product_tag":[145,146],"class_list":{"0":"post-1327","1":"product","2":"type-product","3":"status-publish","4":"has-post-thumbnail","6":"product_cat-harze","7":"product_cat-raeucherwerk","8":"product_tag-schwer","9":"product_tag-suess","10":"product_shipping_class-paket","12":"first","13":"instock","14":"taxable","15":"shipping-taxable","16":"purchasable","17":"product-type-simple"},"_links":{"self":[{"href":"https:\/\/shop.mittgard.de\/index.php?rest_route=\/wp\/v2\/product\/1327","targetHints":{"allow":["GET"]}}],"collection":[{"href":"https:\/\/shop.mittgard.de\/index.php?rest_route=\/wp\/v2\/product"}],"about":[{"href":"https:\/\/shop.mittgard.de\/index.php?rest_route=\/wp\/v2\/types\/product"}],"wp:featuredmedia":[{"embeddable":true,"href":"https:\/\/shop.mittgard.de\/index.php?rest_route=\/wp\/v2\/media\/1707"}],"wp:attachment":[{"href":"https:\/\/shop.mittgard.de\/index.php?rest_route=%2Fwp%2Fv2%2Fmedia&parent=1327"}],"wp:term":[{"taxonomy":"product_brand","embeddable":true,"href":"https:\/\/shop.mittgard.de\/index.php?rest_route=%2Fwp%2Fv2%2Fproduct_brand&post=1327"},{"taxonomy":"product_cat","embeddable":true,"href":"https:\/\/shop.mittgard.de\/index.php?rest_route=%2Fwp%2Fv2%2Fproduct_cat&post=1327"},{"taxonomy":"product_tag","embeddable":true,"href":"https:\/\/shop.mittgard.de\/index.php?rest_route=%2Fwp%2Fv2%2Fproduct_tag&post=1327"}],"curies":[{"name":"wp","href":"https:\/\/api.w.org\/{rel}","templated":true}]}}