{"id":1329,"date":"2018-05-01T17:05:59","date_gmt":"2018-05-01T15:05:59","guid":{"rendered":"http:\/\/shop.mittgard.de\/?product=import-placeholder-for-3228"},"modified":"2024-12-14T14:10:53","modified_gmt":"2024-12-14T13:10:53","slug":"weihrauch-erbsen","status":"publish","type":"product","link":"https:\/\/shop.mittgard.de\/?product=weihrauch-erbsen","title":{"rendered":"Weihrauch-Erbsen (50g)"},"content":{"rendered":"<p>edel-balsamisch<\/p>\n<p>&nbsp;<\/p>\n<blockquote>\n<pre><span style=\"font-family: Lucida Blackletter, cursive; font-size: 12pt;\">Olibanum<\/span>\r\n\r\n<span style=\"font-family: Lucida Blackletter, cursive; font-size: 12pt;\">Der Rauch Olibani ist gut den schwerdenden Augen<\/span>\r\n<span style=\"font-family: Lucida Blackletter, cursive; font-size: 12pt;\">darein gelassene.<\/span>\r\n<span style=\"font-family: Lucida Blackletter, cursive; font-size: 12pt;\">Benimt die Traurigkeit<\/span>\r\n<span style=\"font-family: Lucida Blackletter, cursive; font-size: 12pt;\">Mehret die Vernunfft<\/span>\r\n<span style=\"font-family: Lucida Blackletter, cursive; font-size: 12pt;\">St\u00e4rcket das Herz<\/span>\r\n<span style=\"font-family: Lucida Blackletter, cursive; font-size: 12pt;\">Und macht fr\u00f6lich gebl\u00fct<\/span>\r\n\r\n<span style=\"font-size: 12pt;\">Lonicerus 1679<\/span><\/pre>\n<\/blockquote>\n","protected":false},"excerpt":{"rendered":"<p>edel-balsamisch &nbsp; Olibanum Der Rauch Olibani ist gut den schwerdenden Augen darein gelassene. Benimt die Traurigkeit Mehret die Vernunfft St\u00e4rcket das Herz Und macht fr\u00f6lich gebl\u00fct Lonicerus 1679<\/p>\n","protected":false},"featured_media":1709,"template":"","meta":[],"product_brand":[],"product_cat":[112,110],"product_tag":[143],"class_list":{"0":"post-1329","1":"product","2":"type-product","3":"status-publish","4":"has-post-thumbnail","6":"product_cat-harze","7":"product_cat-raeucherwerk","8":"product_tag-balsamisch","9":"product_shipping_class-paket","11":"first","12":"instock","13":"taxable","14":"shipping-taxable","15":"purchasable","16":"product-type-simple"},"_links":{"self":[{"href":"https:\/\/shop.mittgard.de\/index.php?rest_route=\/wp\/v2\/product\/1329","targetHints":{"allow":["GET"]}}],"collection":[{"href":"https:\/\/shop.mittgard.de\/index.php?rest_route=\/wp\/v2\/product"}],"about":[{"href":"https:\/\/shop.mittgard.de\/index.php?rest_route=\/wp\/v2\/types\/product"}],"wp:featuredmedia":[{"embeddable":true,"href":"https:\/\/shop.mittgard.de\/index.php?rest_route=\/wp\/v2\/media\/1709"}],"wp:attachment":[{"href":"https:\/\/shop.mittgard.de\/index.php?rest_route=%2Fwp%2Fv2%2Fmedia&parent=1329"}],"wp:term":[{"taxonomy":"product_brand","embeddable":true,"href":"https:\/\/shop.mittgard.de\/index.php?rest_route=%2Fwp%2Fv2%2Fproduct_brand&post=1329"},{"taxonomy":"product_cat","embeddable":true,"href":"https:\/\/shop.mittgard.de\/index.php?rest_route=%2Fwp%2Fv2%2Fproduct_cat&post=1329"},{"taxonomy":"product_tag","embeddable":true,"href":"https:\/\/shop.mittgard.de\/index.php?rest_route=%2Fwp%2Fv2%2Fproduct_tag&post=1329"}],"curies":[{"name":"wp","href":"https:\/\/api.w.org\/{rel}","templated":true}]}}