{"id":1337,"date":"2018-05-01T17:06:00","date_gmt":"2018-05-01T15:06:00","guid":{"rendered":"http:\/\/shop.mittgard.de\/?product=import-placeholder-for-3403"},"modified":"2024-12-14T14:23:59","modified_gmt":"2024-12-14T13:23:59","slug":"anis","status":"publish","type":"product","link":"https:\/\/shop.mittgard.de\/?product=anis","title":{"rendered":"Anis, Samen, gemahlen (50g)"},"content":{"rendered":"<p>s\u00fc\u00dfer, w\u00fcrzig &#8211; fruchtiger Duft, stimmt heiter, rundet schwere &amp; scharfe Ger\u00fcche einer Mischung ab<\/p>\n","protected":false},"excerpt":{"rendered":"<p>s\u00fc\u00dfer, w\u00fcrzig &#8211; fruchtiger Duft, stimmt heiter, rundet schwere &amp; scharfe Ger\u00fcche einer Mischung ab<\/p>\n","protected":false},"featured_media":1614,"template":"","meta":[],"product_brand":[],"product_cat":[114,110],"product_tag":[150,129],"class_list":{"0":"post-1337","1":"product","2":"type-product","3":"status-publish","4":"has-post-thumbnail","6":"product_cat-kraeuter-hoelzer","7":"product_cat-raeucherwerk","8":"product_tag-fruchtig","9":"product_tag-suesslich","10":"product_shipping_class-paket","12":"first","13":"instock","14":"taxable","15":"shipping-taxable","16":"purchasable","17":"product-type-simple"},"_links":{"self":[{"href":"https:\/\/shop.mittgard.de\/index.php?rest_route=\/wp\/v2\/product\/1337","targetHints":{"allow":["GET"]}}],"collection":[{"href":"https:\/\/shop.mittgard.de\/index.php?rest_route=\/wp\/v2\/product"}],"about":[{"href":"https:\/\/shop.mittgard.de\/index.php?rest_route=\/wp\/v2\/types\/product"}],"wp:featuredmedia":[{"embeddable":true,"href":"https:\/\/shop.mittgard.de\/index.php?rest_route=\/wp\/v2\/media\/1614"}],"wp:attachment":[{"href":"https:\/\/shop.mittgard.de\/index.php?rest_route=%2Fwp%2Fv2%2Fmedia&parent=1337"}],"wp:term":[{"taxonomy":"product_brand","embeddable":true,"href":"https:\/\/shop.mittgard.de\/index.php?rest_route=%2Fwp%2Fv2%2Fproduct_brand&post=1337"},{"taxonomy":"product_cat","embeddable":true,"href":"https:\/\/shop.mittgard.de\/index.php?rest_route=%2Fwp%2Fv2%2Fproduct_cat&post=1337"},{"taxonomy":"product_tag","embeddable":true,"href":"https:\/\/shop.mittgard.de\/index.php?rest_route=%2Fwp%2Fv2%2Fproduct_tag&post=1337"}],"curies":[{"name":"wp","href":"https:\/\/api.w.org\/{rel}","templated":true}]}}