{"id":1369,"date":"2018-05-01T17:06:08","date_gmt":"2018-05-01T15:06:08","guid":{"rendered":"http:\/\/shop.mittgard.de\/?product=import-placeholder-for-3435"},"modified":"2026-03-25T10:36:41","modified_gmt":"2026-03-25T09:36:41","slug":"lavendelblueten","status":"publish","type":"product","link":"https:\/\/shop.mittgard.de\/?product=lavendelblueten","title":{"rendered":"Lavendel, Bl\u00fcten, ganz (50g)"},"content":{"rendered":"<p>zart &#8211; kr\u00e4uterig, ausgleichend, verfeinert den Geruch von Mischungen, f\u00fcr Sachets<\/p>\n","protected":false},"excerpt":{"rendered":"<p>zart &#8211; kr\u00e4uterig, ausgleichend, verfeinert den Geruch von Mischungen, f\u00fcr Sachets<\/p>\n","protected":false},"featured_media":519,"template":"","meta":[],"product_brand":[],"product_cat":[114,110],"product_tag":[148,149,158],"class_list":{"0":"post-1369","1":"product","2":"type-product","3":"status-publish","4":"has-post-thumbnail","6":"product_cat-kraeuter-hoelzer","7":"product_cat-raeucherwerk","8":"product_tag-blumig","9":"product_tag-harmonisierend","10":"product_tag-kraeuterig","11":"product_shipping_class-paket","13":"first","14":"instock","15":"taxable","16":"shipping-taxable","17":"purchasable","18":"product-type-simple"},"_links":{"self":[{"href":"https:\/\/shop.mittgard.de\/index.php?rest_route=\/wp\/v2\/product\/1369","targetHints":{"allow":["GET"]}}],"collection":[{"href":"https:\/\/shop.mittgard.de\/index.php?rest_route=\/wp\/v2\/product"}],"about":[{"href":"https:\/\/shop.mittgard.de\/index.php?rest_route=\/wp\/v2\/types\/product"}],"wp:featuredmedia":[{"embeddable":true,"href":"https:\/\/shop.mittgard.de\/index.php?rest_route=\/wp\/v2\/media\/519"}],"wp:attachment":[{"href":"https:\/\/shop.mittgard.de\/index.php?rest_route=%2Fwp%2Fv2%2Fmedia&parent=1369"}],"wp:term":[{"taxonomy":"product_brand","embeddable":true,"href":"https:\/\/shop.mittgard.de\/index.php?rest_route=%2Fwp%2Fv2%2Fproduct_brand&post=1369"},{"taxonomy":"product_cat","embeddable":true,"href":"https:\/\/shop.mittgard.de\/index.php?rest_route=%2Fwp%2Fv2%2Fproduct_cat&post=1369"},{"taxonomy":"product_tag","embeddable":true,"href":"https:\/\/shop.mittgard.de\/index.php?rest_route=%2Fwp%2Fv2%2Fproduct_tag&post=1369"}],"curies":[{"name":"wp","href":"https:\/\/api.w.org\/{rel}","templated":true}]}}