{"id":1373,"date":"2018-05-01T17:06:09","date_gmt":"2018-05-01T15:06:09","guid":{"rendered":"http:\/\/shop.mittgard.de\/?product=import-placeholder-for-3439"},"modified":"2024-12-14T14:38:55","modified_gmt":"2024-12-14T13:38:55","slug":"lorbeerblaetter","status":"publish","type":"product","link":"https:\/\/shop.mittgard.de\/?product=lorbeerblaetter","title":{"rendered":"Lorbeer, Bl\u00e4tter, geschnitten (50g)"},"content":{"rendered":"<p>Wahrsagekraut der Seherinnen von Delphi<\/p>\n<blockquote>\n<pre class=\"western\"><span style=\"font-family: Impress BT; font-size: 12pt;\">Lorbeer<\/span>\r\n\r\n<span style=\"font-family: Impress BT; font-size: 12pt;\">Dieses typische Gew\u00e4chs der Mittelmeerregion ist wie keine andere\r\nPflanze mit dem Heilgott Apollo verbunden. \r\nDie griechische Mythologie berichtet, da\u00df Apollo die sch\u00f6ne Nymphe\r\nDaphne, die Tochter des Flu\u00dfgottes Ladon, so sehr begehrte und \r\nverfolgte, da\u00df ihre Mutter Gaia sie zum Schutz in einen Lorbeerbaum\r\nverwandelte. Sie ist die Pflanze der Reinigung und der Weissagung.\r\nDie Seherinnen des Orakels von Delphi schliefen auf Lorbeerlaub \r\nund atmeten den Rauch ein, bevor sie weissagten. Der Lorbeer \r\nwurde zu vielen sakralen Zwecken ger\u00e4uchert, wie zur Weissagung, \r\nzum athmosph\u00e4rischen Reinigen und um prophetische Tr\u00e4ume \r\nhervorzurufen. In der Antike galt er auch als Allheilmittel und \r\nwurde gegen die Ansteckungsgefahr bei gro\u00dfen Seuchen verbrannt.\r\nLorbeer ist wichtiger Bestandteil von R\u00e4ucher - Traummischungen, \r\nda er eine Erweiterung der Sinne und eine Versch\u00e4rfung der \r\nWahrnehmung bewirkt. So sollen Wahrtr\u00e4ume hervorgerufen \r\nwerden, die man nach dem Erwachen besser beh\u00e4lt.\r\n<\/span><\/pre>\n<\/blockquote>\n","protected":false},"excerpt":{"rendered":"<p>Wahrsagekraut der Seherinnen von Delphi Lorbeer Dieses typische Gew\u00e4chs der Mittelmeerregion ist wie keine andere Pflanze mit dem Heilgott Apollo verbunden. Die griechische Mythologie berichtet, da\u00df Apollo die sch\u00f6ne Nymphe Daphne, die Tochter des Flu\u00dfgottes Ladon, so sehr begehrte und verfolgte, da\u00df ihre Mutter Gaia sie zum Schutz in einen Lorbeerbaum verwandelte. Sie ist die &hellip; <\/p>\n<p class=\"link-more\"><a href=\"https:\/\/shop.mittgard.de\/?product=lorbeerblaetter\" class=\"more-link\"><span class=\"screen-reader-text\">\u201eLorbeer, Bl\u00e4tter, geschnitten (50g)\u201c <\/span>weiterlesen<\/a><\/p>\n","protected":false},"featured_media":1620,"template":"","meta":[],"product_brand":[],"product_cat":[114,110],"product_tag":[100,163],"class_list":{"0":"post-1373","1":"product","2":"type-product","3":"status-publish","4":"has-post-thumbnail","6":"product_cat-kraeuter-hoelzer","7":"product_cat-raeucherwerk","8":"product_tag-erfrischend","9":"product_tag-klaerend","10":"product_shipping_class-paket","12":"first","13":"instock","14":"taxable","15":"shipping-taxable","16":"purchasable","17":"product-type-simple"},"_links":{"self":[{"href":"https:\/\/shop.mittgard.de\/index.php?rest_route=\/wp\/v2\/product\/1373","targetHints":{"allow":["GET"]}}],"collection":[{"href":"https:\/\/shop.mittgard.de\/index.php?rest_route=\/wp\/v2\/product"}],"about":[{"href":"https:\/\/shop.mittgard.de\/index.php?rest_route=\/wp\/v2\/types\/product"}],"wp:featuredmedia":[{"embeddable":true,"href":"https:\/\/shop.mittgard.de\/index.php?rest_route=\/wp\/v2\/media\/1620"}],"wp:attachment":[{"href":"https:\/\/shop.mittgard.de\/index.php?rest_route=%2Fwp%2Fv2%2Fmedia&parent=1373"}],"wp:term":[{"taxonomy":"product_brand","embeddable":true,"href":"https:\/\/shop.mittgard.de\/index.php?rest_route=%2Fwp%2Fv2%2Fproduct_brand&post=1373"},{"taxonomy":"product_cat","embeddable":true,"href":"https:\/\/shop.mittgard.de\/index.php?rest_route=%2Fwp%2Fv2%2Fproduct_cat&post=1373"},{"taxonomy":"product_tag","embeddable":true,"href":"https:\/\/shop.mittgard.de\/index.php?rest_route=%2Fwp%2Fv2%2Fproduct_tag&post=1373"}],"curies":[{"name":"wp","href":"https:\/\/api.w.org\/{rel}","templated":true}]}}