{"id":1374,"date":"2018-05-01T17:06:09","date_gmt":"2018-05-01T15:06:09","guid":{"rendered":"http:\/\/shop.mittgard.de\/?product=import-placeholder-for-3440"},"modified":"2026-03-25T14:33:45","modified_gmt":"2026-03-25T13:33:45","slug":"macis-muskatbluete","status":"publish","type":"product","link":"https:\/\/shop.mittgard.de\/?product=macis-muskatbluete","title":{"rendered":"Macis &#8211; Muskatbl\u00fcte, geschnitten (50g)"},"content":{"rendered":"<p>w\u00fcrzig &#8211; fruchtiger Duft macht Appetit und w\u00e4rmt<\/p>\n","protected":false},"excerpt":{"rendered":"<p>w\u00fcrzig &#8211; fruchtiger Duft macht Appetit und w\u00e4rmt<\/p>\n","protected":false},"featured_media":1222,"template":"","meta":[],"product_brand":[],"product_cat":[114,110],"product_tag":[74,65,133],"class_list":{"0":"post-1374","1":"product","2":"type-product","3":"status-publish","4":"has-post-thumbnail","6":"product_cat-kraeuter-hoelzer","7":"product_cat-raeucherwerk","8":"product_tag-appetitanregend","9":"product_tag-waermend","10":"product_tag-wuerzig","11":"product_shipping_class-paket","13":"first","14":"instock","15":"taxable","16":"shipping-taxable","17":"purchasable","18":"product-type-simple"},"_links":{"self":[{"href":"https:\/\/shop.mittgard.de\/index.php?rest_route=\/wp\/v2\/product\/1374","targetHints":{"allow":["GET"]}}],"collection":[{"href":"https:\/\/shop.mittgard.de\/index.php?rest_route=\/wp\/v2\/product"}],"about":[{"href":"https:\/\/shop.mittgard.de\/index.php?rest_route=\/wp\/v2\/types\/product"}],"wp:featuredmedia":[{"embeddable":true,"href":"https:\/\/shop.mittgard.de\/index.php?rest_route=\/wp\/v2\/media\/1222"}],"wp:attachment":[{"href":"https:\/\/shop.mittgard.de\/index.php?rest_route=%2Fwp%2Fv2%2Fmedia&parent=1374"}],"wp:term":[{"taxonomy":"product_brand","embeddable":true,"href":"https:\/\/shop.mittgard.de\/index.php?rest_route=%2Fwp%2Fv2%2Fproduct_brand&post=1374"},{"taxonomy":"product_cat","embeddable":true,"href":"https:\/\/shop.mittgard.de\/index.php?rest_route=%2Fwp%2Fv2%2Fproduct_cat&post=1374"},{"taxonomy":"product_tag","embeddable":true,"href":"https:\/\/shop.mittgard.de\/index.php?rest_route=%2Fwp%2Fv2%2Fproduct_tag&post=1374"}],"curies":[{"name":"wp","href":"https:\/\/api.w.org\/{rel}","templated":true}]}}