{"id":1379,"date":"2018-05-01T17:06:09","date_gmt":"2018-05-01T15:06:09","guid":{"rendered":"http:\/\/shop.mittgard.de\/?product=import-placeholder-for-3445"},"modified":"2025-11-27T13:08:50","modified_gmt":"2025-11-27T12:08:50","slug":"muskatellersalbei","status":"publish","type":"product","link":"https:\/\/shop.mittgard.de\/?product=muskatellersalbei","title":{"rendered":"Muskatellersalbei, Kraut, geschnitten (50g)"},"content":{"rendered":"<p>wird in der Magie verr\u00e4uchert, um einen magischen Ort zu reinigen und hilfreiche Geister zu rufen, f\u00f6rdert Hellsichtigkeit und bringt prophetische Tr\u00e4ume<\/p>\n","protected":false},"excerpt":{"rendered":"<p>wird in der Magie verr\u00e4uchert, um einen magischen Ort zu reinigen und hilfreiche Geister zu rufen, f\u00f6rdert Hellsichtigkeit und bringt prophetische Tr\u00e4ume<\/p>\n","protected":false},"featured_media":1759,"template":"","meta":[],"product_brand":[],"product_cat":[114,110],"product_tag":[163,165],"class_list":{"0":"post-1379","1":"product","2":"type-product","3":"status-publish","4":"has-post-thumbnail","6":"product_cat-kraeuter-hoelzer","7":"product_cat-raeucherwerk","8":"product_tag-klaerend","9":"product_tag-reinigend","10":"product_shipping_class-paket","12":"first","13":"onbackorder","14":"taxable","15":"shipping-taxable","16":"purchasable","17":"product-type-simple"},"_links":{"self":[{"href":"https:\/\/shop.mittgard.de\/index.php?rest_route=\/wp\/v2\/product\/1379","targetHints":{"allow":["GET"]}}],"collection":[{"href":"https:\/\/shop.mittgard.de\/index.php?rest_route=\/wp\/v2\/product"}],"about":[{"href":"https:\/\/shop.mittgard.de\/index.php?rest_route=\/wp\/v2\/types\/product"}],"wp:featuredmedia":[{"embeddable":true,"href":"https:\/\/shop.mittgard.de\/index.php?rest_route=\/wp\/v2\/media\/1759"}],"wp:attachment":[{"href":"https:\/\/shop.mittgard.de\/index.php?rest_route=%2Fwp%2Fv2%2Fmedia&parent=1379"}],"wp:term":[{"taxonomy":"product_brand","embeddable":true,"href":"https:\/\/shop.mittgard.de\/index.php?rest_route=%2Fwp%2Fv2%2Fproduct_brand&post=1379"},{"taxonomy":"product_cat","embeddable":true,"href":"https:\/\/shop.mittgard.de\/index.php?rest_route=%2Fwp%2Fv2%2Fproduct_cat&post=1379"},{"taxonomy":"product_tag","embeddable":true,"href":"https:\/\/shop.mittgard.de\/index.php?rest_route=%2Fwp%2Fv2%2Fproduct_tag&post=1379"}],"curies":[{"name":"wp","href":"https:\/\/api.w.org\/{rel}","templated":true}]}}