{"id":1380,"date":"2018-05-01T17:06:09","date_gmt":"2018-05-01T15:06:09","guid":{"rendered":"http:\/\/shop.mittgard.de\/?product=import-placeholder-for-3446"},"modified":"2026-03-25T14:32:35","modified_gmt":"2026-03-25T13:32:35","slug":"muskatnuss","status":"publish","type":"product","link":"https:\/\/shop.mittgard.de\/?product=muskatnuss","title":{"rendered":"Muskat, Nu\u00df, gemahlen (50g)"},"content":{"rendered":"<p>hei\u00df &#8211; w\u00fcrzig mit leicht orientalisch &#8211; erdiger Note<\/p>\n","protected":false},"excerpt":{"rendered":"<p>hei\u00df &#8211; w\u00fcrzig mit leicht orientalisch &#8211; erdiger Note<\/p>\n","protected":false},"featured_media":1224,"template":"","meta":[],"product_brand":[],"product_cat":[114,110],"product_tag":[153,167,166,133],"class_list":{"0":"post-1380","1":"product","2":"type-product","3":"status-publish","4":"has-post-thumbnail","6":"product_cat-kraeuter-hoelzer","7":"product_cat-raeucherwerk","8":"product_tag-heiss","9":"product_tag-konzentrationsfoerdernd","10":"product_tag-orientalisch","11":"product_tag-wuerzig","12":"product_shipping_class-paket","14":"first","15":"instock","16":"taxable","17":"shipping-taxable","18":"purchasable","19":"product-type-simple"},"_links":{"self":[{"href":"https:\/\/shop.mittgard.de\/index.php?rest_route=\/wp\/v2\/product\/1380","targetHints":{"allow":["GET"]}}],"collection":[{"href":"https:\/\/shop.mittgard.de\/index.php?rest_route=\/wp\/v2\/product"}],"about":[{"href":"https:\/\/shop.mittgard.de\/index.php?rest_route=\/wp\/v2\/types\/product"}],"wp:featuredmedia":[{"embeddable":true,"href":"https:\/\/shop.mittgard.de\/index.php?rest_route=\/wp\/v2\/media\/1224"}],"wp:attachment":[{"href":"https:\/\/shop.mittgard.de\/index.php?rest_route=%2Fwp%2Fv2%2Fmedia&parent=1380"}],"wp:term":[{"taxonomy":"product_brand","embeddable":true,"href":"https:\/\/shop.mittgard.de\/index.php?rest_route=%2Fwp%2Fv2%2Fproduct_brand&post=1380"},{"taxonomy":"product_cat","embeddable":true,"href":"https:\/\/shop.mittgard.de\/index.php?rest_route=%2Fwp%2Fv2%2Fproduct_cat&post=1380"},{"taxonomy":"product_tag","embeddable":true,"href":"https:\/\/shop.mittgard.de\/index.php?rest_route=%2Fwp%2Fv2%2Fproduct_tag&post=1380"}],"curies":[{"name":"wp","href":"https:\/\/api.w.org\/{rel}","templated":true}]}}