{"id":1381,"date":"2018-05-01T17:06:10","date_gmt":"2018-05-01T15:06:10","guid":{"rendered":"http:\/\/shop.mittgard.de\/?product=import-placeholder-for-3447"},"modified":"2026-03-25T13:03:04","modified_gmt":"2026-03-25T12:03:04","slug":"myrthe","status":"publish","type":"product","link":"https:\/\/shop.mittgard.de\/?product=myrthe","title":{"rendered":"Myrthe, Bl\u00e4tter, geschnitten (50g)"},"content":{"rendered":"<p>zart &#8211; balsamischer laubartiger Duft, soll die Liebe &amp; Jugend erhalten und schafft eine klare &amp; reine Atmosph\u00e4re, unterst\u00fctzt einen gl\u00fccklichen Neuanfang<\/p>\n<blockquote>\n<pre class=\"western\"><span style=\"font-family: Impress BT; font-size: 12pt;\">Die Myrthe<\/span>\r\n\r\n<span style=\"font-family: Impress BT; font-size: 12pt;\">Ist ein bis zu 3 Meter hoher Strauch, der bei allen alten V\u00f6lkern \r\nheilig war und der G\u00f6ttin der jeweiligen Kultur geweiht war: \r\nAstarte, Aphrodite, Venus, Maria usw. Die Myrthe ist Symbol der \r\nweiblichen Reinheit, Grazie &amp; Liebe. Die Myrthenbl\u00e4tter duften \r\nlaubartig und sollen nach altem Glauben die Liebe und Jugend \r\nerhalten. Gemischt mit Mastix oder Weihrauch dient Myrthe der \r\natmosph\u00e4rischen Reinigung und schafft so eine reine und klare\r\nAtmosph\u00e4re. Sie ist daher geschaffen f\u00fcr Meditation und Gebet \r\nund hilft alte seelische Wunden zu heilen und unterst\u00fctzt das \r\nVerzeihen - geschaffen f\u00fcr einen gl\u00fccklichen Neuanfang<\/span><\/pre>\n<\/blockquote>\n","protected":false},"excerpt":{"rendered":"<p>zart &#8211; balsamischer laubartiger Duft, soll die Liebe &amp; Jugend erhalten und schafft eine klare &amp; reine Atmosph\u00e4re, unterst\u00fctzt einen gl\u00fccklichen Neuanfang Die Myrthe Ist ein bis zu 3 Meter hoher Strauch, der bei allen alten V\u00f6lkern heilig war und der G\u00f6ttin der jeweiligen Kultur geweiht war: Astarte, Aphrodite, Venus, Maria usw. Die Myrthe ist &hellip; <\/p>\n<p class=\"link-more\"><a href=\"https:\/\/shop.mittgard.de\/?product=myrthe\" class=\"more-link\"><span class=\"screen-reader-text\">\u201eMyrthe, Bl\u00e4tter, geschnitten (50g)\u201c <\/span>weiterlesen<\/a><\/p>\n","protected":false},"featured_media":1761,"template":"","meta":[],"product_brand":[],"product_cat":[114,110],"product_tag":[168,134],"class_list":{"0":"post-1381","1":"product","2":"type-product","3":"status-publish","4":"has-post-thumbnail","6":"product_cat-kraeuter-hoelzer","7":"product_cat-raeucherwerk","8":"product_tag-balsamig","9":"product_tag-leicht","10":"product_shipping_class-paket","12":"first","13":"instock","14":"taxable","15":"shipping-taxable","16":"purchasable","17":"product-type-simple"},"_links":{"self":[{"href":"https:\/\/shop.mittgard.de\/index.php?rest_route=\/wp\/v2\/product\/1381","targetHints":{"allow":["GET"]}}],"collection":[{"href":"https:\/\/shop.mittgard.de\/index.php?rest_route=\/wp\/v2\/product"}],"about":[{"href":"https:\/\/shop.mittgard.de\/index.php?rest_route=\/wp\/v2\/types\/product"}],"wp:featuredmedia":[{"embeddable":true,"href":"https:\/\/shop.mittgard.de\/index.php?rest_route=\/wp\/v2\/media\/1761"}],"wp:attachment":[{"href":"https:\/\/shop.mittgard.de\/index.php?rest_route=%2Fwp%2Fv2%2Fmedia&parent=1381"}],"wp:term":[{"taxonomy":"product_brand","embeddable":true,"href":"https:\/\/shop.mittgard.de\/index.php?rest_route=%2Fwp%2Fv2%2Fproduct_brand&post=1381"},{"taxonomy":"product_cat","embeddable":true,"href":"https:\/\/shop.mittgard.de\/index.php?rest_route=%2Fwp%2Fv2%2Fproduct_cat&post=1381"},{"taxonomy":"product_tag","embeddable":true,"href":"https:\/\/shop.mittgard.de\/index.php?rest_route=%2Fwp%2Fv2%2Fproduct_tag&post=1381"}],"curies":[{"name":"wp","href":"https:\/\/api.w.org\/{rel}","templated":true}]}}