{"id":1382,"date":"2018-05-01T17:06:10","date_gmt":"2018-05-01T15:06:10","guid":{"rendered":"http:\/\/shop.mittgard.de\/?product=import-placeholder-for-3448"},"modified":"2026-03-25T14:36:35","modified_gmt":"2026-03-25T13:36:35","slug":"nelkenknospen","status":"publish","type":"product","link":"https:\/\/shop.mittgard.de\/?product=nelkenknospen","title":{"rendered":"Nelke, Knospen, ganz (50g)"},"content":{"rendered":"<p>w\u00fcrzig &#8211; warmer Duft energetisiert eine Mischung, regt Kreativit\u00e4t &amp; Intuition an, h\u00e4lt Insekten fern<\/p>\n<blockquote>\n<pre><span style=\"font-family: Lucida Blackletter, cursive; font-size: 12pt;\">Nelkenknospen<\/span>\r\n\r\n<span style=\"font-family: Lucida Blackletter, cursive; font-size: 12pt;\">Und wenn jemand Kopfschmerzen hat,<\/span>\r\n<span style=\"font-family: Lucida Blackletter, cursive; font-size: 12pt;\">So dass ihm der Kopf brummt,<\/span>\r\n<span style=\"font-family: Lucida Blackletter, cursive; font-size: 12pt;\">Wie wenn er taub w\u00e4re,<\/span>\r\n<span style=\"font-family: Lucida Blackletter, cursive; font-size: 12pt;\">esse er oft Nelken,<\/span>\r\n<span style=\"font-family: Lucida Blackletter, cursive; font-size: 12pt;\">und das mindert das Brummen,<\/span>\r\n<span style=\"font-family: Lucida Blackletter, cursive; font-size: 12pt;\">das in seinem Kopf ist.<\/span>\r\n\r\n<span style=\"font-size: 12pt;\">Hildegard von Bingen<\/span><\/pre>\n<\/blockquote>\n","protected":false},"excerpt":{"rendered":"<p>w\u00fcrzig &#8211; warmer Duft energetisiert eine Mischung, regt Kreativit\u00e4t &amp; Intuition an, h\u00e4lt Insekten fern Nelkenknospen Und wenn jemand Kopfschmerzen hat, So dass ihm der Kopf brummt, Wie wenn er taub w\u00e4re, esse er oft Nelken, und das mindert das Brummen, das in seinem Kopf ist. Hildegard von Bingen<\/p>\n","protected":false},"featured_media":1601,"template":"","meta":[],"product_brand":[],"product_cat":[114,110],"product_tag":[166,130,133],"class_list":{"0":"post-1382","1":"product","2":"type-product","3":"status-publish","4":"has-post-thumbnail","6":"product_cat-kraeuter-hoelzer","7":"product_cat-raeucherwerk","8":"product_tag-orientalisch","9":"product_tag-warm","10":"product_tag-wuerzig","11":"product_shipping_class-paket","13":"first","14":"instock","15":"taxable","16":"shipping-taxable","17":"purchasable","18":"product-type-simple"},"_links":{"self":[{"href":"https:\/\/shop.mittgard.de\/index.php?rest_route=\/wp\/v2\/product\/1382","targetHints":{"allow":["GET"]}}],"collection":[{"href":"https:\/\/shop.mittgard.de\/index.php?rest_route=\/wp\/v2\/product"}],"about":[{"href":"https:\/\/shop.mittgard.de\/index.php?rest_route=\/wp\/v2\/types\/product"}],"wp:featuredmedia":[{"embeddable":true,"href":"https:\/\/shop.mittgard.de\/index.php?rest_route=\/wp\/v2\/media\/1601"}],"wp:attachment":[{"href":"https:\/\/shop.mittgard.de\/index.php?rest_route=%2Fwp%2Fv2%2Fmedia&parent=1382"}],"wp:term":[{"taxonomy":"product_brand","embeddable":true,"href":"https:\/\/shop.mittgard.de\/index.php?rest_route=%2Fwp%2Fv2%2Fproduct_brand&post=1382"},{"taxonomy":"product_cat","embeddable":true,"href":"https:\/\/shop.mittgard.de\/index.php?rest_route=%2Fwp%2Fv2%2Fproduct_cat&post=1382"},{"taxonomy":"product_tag","embeddable":true,"href":"https:\/\/shop.mittgard.de\/index.php?rest_route=%2Fwp%2Fv2%2Fproduct_tag&post=1382"}],"curies":[{"name":"wp","href":"https:\/\/api.w.org\/{rel}","templated":true}]}}