{"id":1387,"date":"2018-05-01T17:06:14","date_gmt":"2018-05-01T15:06:14","guid":{"rendered":"http:\/\/shop.mittgard.de\/?product=import-placeholder-for-3453"},"modified":"2026-03-25T10:54:11","modified_gmt":"2026-03-25T09:54:11","slug":"rosmarin","status":"publish","type":"product","link":"https:\/\/shop.mittgard.de\/?product=rosmarin","title":{"rendered":"Rosmarin, Bl\u00e4tter, geschnitten (50g)"},"content":{"rendered":"<p>kr\u00e4uterig &#8211; frisch, kl\u00e4rend &amp; belebend, Zutat in Schutz- und Reinigungsmischungen<\/p>\n\r\n\t<a class=\"paoc-popup-click paoc-popup-cust-9109 paoc-popup-simple_link paoc-popup-link\" href=\"javascript:void(0);\">Geschichtliches samt Rezept<\/a>\r\n\r\n\n","protected":false},"excerpt":{"rendered":"<p>kr\u00e4uterig &#8211; frisch, kl\u00e4rend &amp; belebend, Zutat in Schutz- und Reinigungsmischungen<\/p>\n","protected":false},"featured_media":1254,"template":"","meta":[],"product_brand":[],"product_cat":[114,110],"product_tag":[140,163,158],"class_list":{"0":"post-1387","1":"product","2":"type-product","3":"status-publish","4":"has-post-thumbnail","6":"product_cat-kraeuter-hoelzer","7":"product_cat-raeucherwerk","8":"product_tag-frisch","9":"product_tag-klaerend","10":"product_tag-kraeuterig","11":"product_shipping_class-paket","13":"first","14":"instock","15":"taxable","16":"shipping-taxable","17":"purchasable","18":"product-type-simple"},"_links":{"self":[{"href":"https:\/\/shop.mittgard.de\/index.php?rest_route=\/wp\/v2\/product\/1387","targetHints":{"allow":["GET"]}}],"collection":[{"href":"https:\/\/shop.mittgard.de\/index.php?rest_route=\/wp\/v2\/product"}],"about":[{"href":"https:\/\/shop.mittgard.de\/index.php?rest_route=\/wp\/v2\/types\/product"}],"wp:featuredmedia":[{"embeddable":true,"href":"https:\/\/shop.mittgard.de\/index.php?rest_route=\/wp\/v2\/media\/1254"}],"wp:attachment":[{"href":"https:\/\/shop.mittgard.de\/index.php?rest_route=%2Fwp%2Fv2%2Fmedia&parent=1387"}],"wp:term":[{"taxonomy":"product_brand","embeddable":true,"href":"https:\/\/shop.mittgard.de\/index.php?rest_route=%2Fwp%2Fv2%2Fproduct_brand&post=1387"},{"taxonomy":"product_cat","embeddable":true,"href":"https:\/\/shop.mittgard.de\/index.php?rest_route=%2Fwp%2Fv2%2Fproduct_cat&post=1387"},{"taxonomy":"product_tag","embeddable":true,"href":"https:\/\/shop.mittgard.de\/index.php?rest_route=%2Fwp%2Fv2%2Fproduct_tag&post=1387"}],"curies":[{"name":"wp","href":"https:\/\/api.w.org\/{rel}","templated":true}]}}