{"id":1389,"date":"2018-05-01T17:06:15","date_gmt":"2018-05-01T15:06:15","guid":{"rendered":"http:\/\/shop.mittgard.de\/?product=import-placeholder-for-3455"},"modified":"2024-12-14T14:46:38","modified_gmt":"2024-12-14T13:46:38","slug":"salbei-weisser-2","status":"publish","type":"product","link":"https:\/\/shop.mittgard.de\/?product=salbei-weisser-2","title":{"rendered":"Salbei, Wei\u00dfer, geschnitten (50g)"},"content":{"rendered":"<p>erfrischend &amp; kl\u00e4rend f\u00fcr Reinigungszeremonien<\/p>\n","protected":false},"excerpt":{"rendered":"<p>erfrischend &amp; kl\u00e4rend f\u00fcr Reinigungszeremonien<\/p>\n","protected":false},"featured_media":11224,"template":"","meta":[],"product_brand":[],"product_cat":[114,110],"product_tag":[100,165],"class_list":{"0":"post-1389","1":"product","2":"type-product","3":"status-publish","4":"has-post-thumbnail","6":"product_cat-kraeuter-hoelzer","7":"product_cat-raeucherwerk","8":"product_tag-erfrischend","9":"product_tag-reinigend","10":"product_shipping_class-paket","12":"first","13":"instock","14":"taxable","15":"shipping-taxable","16":"purchasable","17":"product-type-simple"},"_links":{"self":[{"href":"https:\/\/shop.mittgard.de\/index.php?rest_route=\/wp\/v2\/product\/1389","targetHints":{"allow":["GET"]}}],"collection":[{"href":"https:\/\/shop.mittgard.de\/index.php?rest_route=\/wp\/v2\/product"}],"about":[{"href":"https:\/\/shop.mittgard.de\/index.php?rest_route=\/wp\/v2\/types\/product"}],"wp:featuredmedia":[{"embeddable":true,"href":"https:\/\/shop.mittgard.de\/index.php?rest_route=\/wp\/v2\/media\/11224"}],"wp:attachment":[{"href":"https:\/\/shop.mittgard.de\/index.php?rest_route=%2Fwp%2Fv2%2Fmedia&parent=1389"}],"wp:term":[{"taxonomy":"product_brand","embeddable":true,"href":"https:\/\/shop.mittgard.de\/index.php?rest_route=%2Fwp%2Fv2%2Fproduct_brand&post=1389"},{"taxonomy":"product_cat","embeddable":true,"href":"https:\/\/shop.mittgard.de\/index.php?rest_route=%2Fwp%2Fv2%2Fproduct_cat&post=1389"},{"taxonomy":"product_tag","embeddable":true,"href":"https:\/\/shop.mittgard.de\/index.php?rest_route=%2Fwp%2Fv2%2Fproduct_tag&post=1389"}],"curies":[{"name":"wp","href":"https:\/\/api.w.org\/{rel}","templated":true}]}}