{"id":1391,"date":"2018-05-01T17:06:15","date_gmt":"2018-05-01T15:06:15","guid":{"rendered":"http:\/\/shop.mittgard.de\/?product=import-placeholder-for-3457"},"modified":"2026-03-25T10:55:48","modified_gmt":"2026-03-25T09:55:48","slug":"salbeiblaetter","status":"publish","type":"product","link":"https:\/\/shop.mittgard.de\/?product=salbeiblaetter","title":{"rendered":"Salbei, Bl\u00e4tter, geschnitten (50g)"},"content":{"rendered":"<p>w\u00fcrzig &#8211; frisch, erfrischend, kl\u00e4rend &amp; reinigend, Schutzr\u00e4ucherungen<\/p>\n","protected":false},"excerpt":{"rendered":"<p>w\u00fcrzig &#8211; frisch, erfrischend, kl\u00e4rend &amp; reinigend, Schutzr\u00e4ucherungen<\/p>\n","protected":false},"featured_media":1083,"template":"","meta":[],"product_brand":[],"product_cat":[114,110],"product_tag":[100,163,165],"class_list":{"0":"post-1391","1":"product","2":"type-product","3":"status-publish","4":"has-post-thumbnail","6":"product_cat-kraeuter-hoelzer","7":"product_cat-raeucherwerk","8":"product_tag-erfrischend","9":"product_tag-klaerend","10":"product_tag-reinigend","11":"product_shipping_class-paket","13":"first","14":"instock","15":"taxable","16":"shipping-taxable","17":"purchasable","18":"product-type-simple"},"_links":{"self":[{"href":"https:\/\/shop.mittgard.de\/index.php?rest_route=\/wp\/v2\/product\/1391","targetHints":{"allow":["GET"]}}],"collection":[{"href":"https:\/\/shop.mittgard.de\/index.php?rest_route=\/wp\/v2\/product"}],"about":[{"href":"https:\/\/shop.mittgard.de\/index.php?rest_route=\/wp\/v2\/types\/product"}],"wp:featuredmedia":[{"embeddable":true,"href":"https:\/\/shop.mittgard.de\/index.php?rest_route=\/wp\/v2\/media\/1083"}],"wp:attachment":[{"href":"https:\/\/shop.mittgard.de\/index.php?rest_route=%2Fwp%2Fv2%2Fmedia&parent=1391"}],"wp:term":[{"taxonomy":"product_brand","embeddable":true,"href":"https:\/\/shop.mittgard.de\/index.php?rest_route=%2Fwp%2Fv2%2Fproduct_brand&post=1391"},{"taxonomy":"product_cat","embeddable":true,"href":"https:\/\/shop.mittgard.de\/index.php?rest_route=%2Fwp%2Fv2%2Fproduct_cat&post=1391"},{"taxonomy":"product_tag","embeddable":true,"href":"https:\/\/shop.mittgard.de\/index.php?rest_route=%2Fwp%2Fv2%2Fproduct_tag&post=1391"}],"curies":[{"name":"wp","href":"https:\/\/api.w.org\/{rel}","templated":true}]}}