{"id":1397,"date":"2018-05-01T17:06:16","date_gmt":"2018-05-01T15:06:16","guid":{"rendered":"http:\/\/shop.mittgard.de\/?product=import-placeholder-for-3463"},"modified":"2026-03-25T14:53:00","modified_gmt":"2026-03-25T13:53:00","slug":"sternanis","status":"publish","type":"product","link":"https:\/\/shop.mittgard.de\/?product=sternanis","title":{"rendered":"Sternanis, Fr\u00fcchte, ganz (50g)"},"content":{"rendered":"<p>etwas voller &amp; s\u00fc\u00dfer als einfacher Anis, entspannt &amp; durchw\u00e4rmt bei anstrengender Kopfarbeit<\/p>\n","protected":false},"excerpt":{"rendered":"<p>etwas voller &amp; s\u00fc\u00dfer als einfacher Anis, entspannt &amp; durchw\u00e4rmt bei anstrengender Kopfarbeit<\/p>\n","protected":false},"featured_media":1244,"template":"","meta":[],"product_brand":[],"product_cat":[114,110],"product_tag":[166,129,65],"class_list":{"0":"post-1397","1":"product","2":"type-product","3":"status-publish","4":"has-post-thumbnail","6":"product_cat-kraeuter-hoelzer","7":"product_cat-raeucherwerk","8":"product_tag-orientalisch","9":"product_tag-suesslich","10":"product_tag-waermend","11":"product_shipping_class-paket","13":"first","14":"instock","15":"taxable","16":"shipping-taxable","17":"purchasable","18":"product-type-simple"},"_links":{"self":[{"href":"https:\/\/shop.mittgard.de\/index.php?rest_route=\/wp\/v2\/product\/1397","targetHints":{"allow":["GET"]}}],"collection":[{"href":"https:\/\/shop.mittgard.de\/index.php?rest_route=\/wp\/v2\/product"}],"about":[{"href":"https:\/\/shop.mittgard.de\/index.php?rest_route=\/wp\/v2\/types\/product"}],"wp:featuredmedia":[{"embeddable":true,"href":"https:\/\/shop.mittgard.de\/index.php?rest_route=\/wp\/v2\/media\/1244"}],"wp:attachment":[{"href":"https:\/\/shop.mittgard.de\/index.php?rest_route=%2Fwp%2Fv2%2Fmedia&parent=1397"}],"wp:term":[{"taxonomy":"product_brand","embeddable":true,"href":"https:\/\/shop.mittgard.de\/index.php?rest_route=%2Fwp%2Fv2%2Fproduct_brand&post=1397"},{"taxonomy":"product_cat","embeddable":true,"href":"https:\/\/shop.mittgard.de\/index.php?rest_route=%2Fwp%2Fv2%2Fproduct_cat&post=1397"},{"taxonomy":"product_tag","embeddable":true,"href":"https:\/\/shop.mittgard.de\/index.php?rest_route=%2Fwp%2Fv2%2Fproduct_tag&post=1397"}],"curies":[{"name":"wp","href":"https:\/\/api.w.org\/{rel}","templated":true}]}}