{"id":1404,"date":"2018-05-01T17:06:17","date_gmt":"2018-05-01T15:06:17","guid":{"rendered":"http:\/\/shop.mittgard.de\/?product=import-placeholder-for-3470"},"modified":"2026-03-25T11:19:31","modified_gmt":"2026-03-25T10:19:31","slug":"wacholderbeeren","status":"publish","type":"product","link":"https:\/\/shop.mittgard.de\/?product=wacholderbeeren","title":{"rendered":"Wacholder, Beeren, gequetscht (50g)"},"content":{"rendered":"<p>intensiv holzig, hei\u00df &#8211; w\u00fcrzig, kl\u00e4rend, erfrischend &amp; belebend f\u00fcr Sachets<\/p>\n\r\n\t<a class=\"paoc-popup-click paoc-popup-cust-1069 paoc-popup-simple_link paoc-popup-link\" href=\"javascript:void(0);\">Geschichtliches samt Rezept<\/a>\r\n\r\n\n","protected":false},"excerpt":{"rendered":"<p>intensiv holzig, hei\u00df &#8211; w\u00fcrzig, kl\u00e4rend, erfrischend &amp; belebend f\u00fcr Sachets<\/p>\n","protected":false},"featured_media":1066,"template":"","meta":[],"product_brand":[],"product_cat":[114,110],"product_tag":[170,169,133],"class_list":{"0":"post-1404","1":"product","2":"type-product","3":"status-publish","4":"has-post-thumbnail","6":"product_cat-kraeuter-hoelzer","7":"product_cat-raeucherwerk","8":"product_tag-belebend","9":"product_tag-holzig","10":"product_tag-wuerzig","11":"product_shipping_class-paket","13":"first","14":"instock","15":"taxable","16":"shipping-taxable","17":"purchasable","18":"product-type-simple"},"_links":{"self":[{"href":"https:\/\/shop.mittgard.de\/index.php?rest_route=\/wp\/v2\/product\/1404","targetHints":{"allow":["GET"]}}],"collection":[{"href":"https:\/\/shop.mittgard.de\/index.php?rest_route=\/wp\/v2\/product"}],"about":[{"href":"https:\/\/shop.mittgard.de\/index.php?rest_route=\/wp\/v2\/types\/product"}],"wp:featuredmedia":[{"embeddable":true,"href":"https:\/\/shop.mittgard.de\/index.php?rest_route=\/wp\/v2\/media\/1066"}],"wp:attachment":[{"href":"https:\/\/shop.mittgard.de\/index.php?rest_route=%2Fwp%2Fv2%2Fmedia&parent=1404"}],"wp:term":[{"taxonomy":"product_brand","embeddable":true,"href":"https:\/\/shop.mittgard.de\/index.php?rest_route=%2Fwp%2Fv2%2Fproduct_brand&post=1404"},{"taxonomy":"product_cat","embeddable":true,"href":"https:\/\/shop.mittgard.de\/index.php?rest_route=%2Fwp%2Fv2%2Fproduct_cat&post=1404"},{"taxonomy":"product_tag","embeddable":true,"href":"https:\/\/shop.mittgard.de\/index.php?rest_route=%2Fwp%2Fv2%2Fproduct_tag&post=1404"}],"curies":[{"name":"wp","href":"https:\/\/api.w.org\/{rel}","templated":true}]}}