{"id":1405,"date":"2018-05-01T17:06:17","date_gmt":"2018-05-01T15:06:17","guid":{"rendered":"http:\/\/shop.mittgard.de\/?product=import-placeholder-for-3471"},"modified":"2026-03-25T11:21:09","modified_gmt":"2026-03-25T10:21:09","slug":"wacholderholz","status":"publish","type":"product","link":"https:\/\/shop.mittgard.de\/?product=wacholderholz","title":{"rendered":"Wacholder, Holz, geschnitten (50g)"},"content":{"rendered":"<p>Der Duft des germanischen Lebensbaumes vertreibt b\u00f6se krankmachende D\u00e4monen &amp; l\u00e4dt Kranke &amp; R\u00e4ume mit neuer Lebensenergie auf<\/p>\n\r\n\t<a class=\"paoc-popup-click paoc-popup-cust-1069 paoc-popup-simple_link paoc-popup-link\" href=\"javascript:void(0);\">Geschichtliches samt Rezept<\/a>\r\n\r\n\n","protected":false},"excerpt":{"rendered":"<p>Der Duft des germanischen Lebensbaumes vertreibt b\u00f6se krankmachende D\u00e4monen &amp; l\u00e4dt Kranke &amp; R\u00e4ume mit neuer Lebensenergie auf<\/p>\n","protected":false},"featured_media":1788,"template":"","meta":[],"product_brand":[],"product_cat":[114,110],"product_tag":[171,165],"class_list":{"0":"post-1405","1":"product","2":"type-product","3":"status-publish","4":"has-post-thumbnail","6":"product_cat-kraeuter-hoelzer","7":"product_cat-raeucherwerk","8":"product_tag-kraeftigend","9":"product_tag-reinigend","10":"product_shipping_class-paket","12":"first","13":"instock","14":"taxable","15":"shipping-taxable","16":"purchasable","17":"product-type-simple"},"_links":{"self":[{"href":"https:\/\/shop.mittgard.de\/index.php?rest_route=\/wp\/v2\/product\/1405","targetHints":{"allow":["GET"]}}],"collection":[{"href":"https:\/\/shop.mittgard.de\/index.php?rest_route=\/wp\/v2\/product"}],"about":[{"href":"https:\/\/shop.mittgard.de\/index.php?rest_route=\/wp\/v2\/types\/product"}],"wp:featuredmedia":[{"embeddable":true,"href":"https:\/\/shop.mittgard.de\/index.php?rest_route=\/wp\/v2\/media\/1788"}],"wp:attachment":[{"href":"https:\/\/shop.mittgard.de\/index.php?rest_route=%2Fwp%2Fv2%2Fmedia&parent=1405"}],"wp:term":[{"taxonomy":"product_brand","embeddable":true,"href":"https:\/\/shop.mittgard.de\/index.php?rest_route=%2Fwp%2Fv2%2Fproduct_brand&post=1405"},{"taxonomy":"product_cat","embeddable":true,"href":"https:\/\/shop.mittgard.de\/index.php?rest_route=%2Fwp%2Fv2%2Fproduct_cat&post=1405"},{"taxonomy":"product_tag","embeddable":true,"href":"https:\/\/shop.mittgard.de\/index.php?rest_route=%2Fwp%2Fv2%2Fproduct_tag&post=1405"}],"curies":[{"name":"wp","href":"https:\/\/api.w.org\/{rel}","templated":true}]}}