{"id":1406,"date":"2018-05-01T17:06:17","date_gmt":"2018-05-01T15:06:17","guid":{"rendered":"http:\/\/shop.mittgard.de\/?product=import-placeholder-for-3472"},"modified":"2024-12-14T14:52:40","modified_gmt":"2024-12-14T13:52:40","slug":"wacholderspitzen","status":"publish","type":"product","link":"https:\/\/shop.mittgard.de\/?product=wacholderspitzen","title":{"rendered":"Wacholder, Kr\u00e4uterb\u00fcndel"},"content":{"rendered":"<p>Der Duft des germanischen Lebensbaumes vertreibt b\u00f6se krankmachende D\u00e4monen &amp; l\u00e4dt Kranke &amp; R\u00e4ume mit neuer Lebensenergie auf<\/p>\n<p>Smudge Stick, ca. 80g<\/p>\n\r\n\t<a class=\"paoc-popup-click paoc-popup-cust-1069 paoc-popup-simple_link paoc-popup-link\" href=\"javascript:void(0);\">Geschichtliches samt Rezept<\/a>\r\n\r\n\n","protected":false},"excerpt":{"rendered":"<p>Der Duft des germanischen Lebensbaumes vertreibt b\u00f6se krankmachende D\u00e4monen &amp; l\u00e4dt Kranke &amp; R\u00e4ume mit neuer Lebensenergie auf Smudge Stick, ca. 80g<\/p>\n","protected":false},"featured_media":15978,"template":"","meta":[],"product_brand":[],"product_cat":[114,110],"product_tag":[171,165,133],"class_list":{"0":"post-1406","1":"product","2":"type-product","3":"status-publish","4":"has-post-thumbnail","6":"product_cat-kraeuter-hoelzer","7":"product_cat-raeucherwerk","8":"product_tag-kraeftigend","9":"product_tag-reinigend","10":"product_tag-wuerzig","11":"product_shipping_class-paket","13":"first","14":"instock","15":"taxable","16":"shipping-taxable","17":"purchasable","18":"product-type-simple"},"_links":{"self":[{"href":"https:\/\/shop.mittgard.de\/index.php?rest_route=\/wp\/v2\/product\/1406","targetHints":{"allow":["GET"]}}],"collection":[{"href":"https:\/\/shop.mittgard.de\/index.php?rest_route=\/wp\/v2\/product"}],"about":[{"href":"https:\/\/shop.mittgard.de\/index.php?rest_route=\/wp\/v2\/types\/product"}],"wp:featuredmedia":[{"embeddable":true,"href":"https:\/\/shop.mittgard.de\/index.php?rest_route=\/wp\/v2\/media\/15978"}],"wp:attachment":[{"href":"https:\/\/shop.mittgard.de\/index.php?rest_route=%2Fwp%2Fv2%2Fmedia&parent=1406"}],"wp:term":[{"taxonomy":"product_brand","embeddable":true,"href":"https:\/\/shop.mittgard.de\/index.php?rest_route=%2Fwp%2Fv2%2Fproduct_brand&post=1406"},{"taxonomy":"product_cat","embeddable":true,"href":"https:\/\/shop.mittgard.de\/index.php?rest_route=%2Fwp%2Fv2%2Fproduct_cat&post=1406"},{"taxonomy":"product_tag","embeddable":true,"href":"https:\/\/shop.mittgard.de\/index.php?rest_route=%2Fwp%2Fv2%2Fproduct_tag&post=1406"}],"curies":[{"name":"wp","href":"https:\/\/api.w.org\/{rel}","templated":true}]}}