{"id":1408,"date":"2018-05-01T17:06:17","date_gmt":"2018-05-01T15:06:17","guid":{"rendered":"http:\/\/shop.mittgard.de\/?product=import-placeholder-for-3474"},"modified":"2026-03-25T15:18:09","modified_gmt":"2026-03-25T14:18:09","slug":"ysopkraut","status":"publish","type":"product","link":"https:\/\/shop.mittgard.de\/?product=ysopkraut","title":{"rendered":"Ysop, Kraut, geschnitten (50g)"},"content":{"rendered":"<p>warm, w\u00fcrzig &#8211; kr\u00e4uterig, reinigend &amp; kl\u00e4rend, f\u00fcr Sachets<\/p>\n<blockquote><p><span style=\"font-family: Lucida Blackletter, cursive; font-size: 12pt;\">Ysop<\/span><\/p>\n<p><span style=\"font-family: Lucida Blackletter, cursive; font-size: 12pt;\">Im mosaischen Kultus wurde er als Spreng- und Weiheb\u00fcschel benutzt. &#8222;Ents\u00fcndige mich mit Ysop, da\u00df ich rein sei.\u201c Israeliten mu\u00dften einst mit dem Blut der L\u00e4mmer die T\u00fcrpfosten und Oberschwelle ihrer H\u00e4user anstreichen und machten dies mit einem B\u00fcschel Ysop, weil er das Gerinnen des Blutes verhinderte. Im Christentum wurde er zum Symbol der Reinheit und fand als \u201eKirchenseppli\u201c Verwendung als Weihwassersprengel. Im Mittelalter war er ein Schutz gegen die Faszination. In Nordafrika r\u00e4ucherte man mit Ysop gegen Ungl\u00fcck und den b\u00f6sen Blick. Seine magische Wirkung gegen schlechte Luft entfaltet er heute im Potpourri. <\/span><\/p>\n<p><span style=\"font-family: Lucida Blackletter, cursive; font-size: 12pt;\">Der Ysop kam aus S\u00fcdosteuropa zu uns wurde seit dem Mittelalter dank Karl dem Gro\u00dfen in allen Klosterg\u00e4rten bei uns angebaut. Wo man ihn heute in G\u00e4rten zieht, wird der Ysop dank seiner krampfl\u00f6senden und harntreibenden Wirkung, als Tee bei Husten, Durchfall und Bl\u00e4hungen gebraucht. Daf\u00fcr nimmt man <\/span><\/p>\n<p><span style=\"font-size: 12pt;\"><span style=\"font-family: Lucida Blackletter, cursive;\">2 TL der Droge auf <\/span><span style=\"font-family: Lucida Console, monospace;\">\u00bc<\/span><span style=\"font-family: Lucida Blackletter, cursive;\">l kaltes Wasser, kocht das Ganze auf, l\u00e4\u00dft es 5 min ziehen und seiht ab. 2 Tassen Tee t\u00e4glich ist die richtige Dosierung. <\/span><\/span><\/p>\n<p><span style=\"font-family: Lucida Blackletter, cursive; font-size: 12pt;\">Im Kochtopf er\u00f6ffnet der Ysop neue Geschmackshorizonte. Er riecht und schmeckt aromatisch und beeinflu\u00dft g\u00fcnstig die Verdauung. Besonders zu empfehlen ist er f\u00fcr zarte Kalbsbraten, dem es oft an der w\u00fcrzigen Herbheit fehlt. Hildegard von Bingen empfahl bei Lungen- und Leberleiden helle Fischgerichte mit Ysop zubereitet, zu essen. Und im Mittelalter war er ein wichtiges Brotgew\u00fcrz. Probiert\u2019s aus!<\/span><\/p><\/blockquote>\n","protected":false},"excerpt":{"rendered":"<p>warm, w\u00fcrzig &#8211; kr\u00e4uterig, reinigend &amp; kl\u00e4rend, f\u00fcr Sachets Ysop Im mosaischen Kultus wurde er als Spreng- und Weiheb\u00fcschel benutzt. &#8222;Ents\u00fcndige mich mit Ysop, da\u00df ich rein sei.\u201c Israeliten mu\u00dften einst mit dem Blut der L\u00e4mmer die T\u00fcrpfosten und Oberschwelle ihrer H\u00e4user anstreichen und machten dies mit einem B\u00fcschel Ysop, weil er das Gerinnen des &hellip; <\/p>\n<p class=\"link-more\"><a href=\"https:\/\/shop.mittgard.de\/?product=ysopkraut\" class=\"more-link\"><span class=\"screen-reader-text\">\u201eYsop, Kraut, geschnitten (50g)\u201c <\/span>weiterlesen<\/a><\/p>\n","protected":false},"featured_media":1595,"template":"","meta":[],"product_brand":[],"product_cat":[114,110],"product_tag":[163,158,165],"class_list":{"0":"post-1408","1":"product","2":"type-product","3":"status-publish","4":"has-post-thumbnail","6":"product_cat-kraeuter-hoelzer","7":"product_cat-raeucherwerk","8":"product_tag-klaerend","9":"product_tag-kraeuterig","10":"product_tag-reinigend","11":"product_shipping_class-paket","13":"first","14":"instock","15":"taxable","16":"shipping-taxable","17":"purchasable","18":"product-type-simple"},"_links":{"self":[{"href":"https:\/\/shop.mittgard.de\/index.php?rest_route=\/wp\/v2\/product\/1408","targetHints":{"allow":["GET"]}}],"collection":[{"href":"https:\/\/shop.mittgard.de\/index.php?rest_route=\/wp\/v2\/product"}],"about":[{"href":"https:\/\/shop.mittgard.de\/index.php?rest_route=\/wp\/v2\/types\/product"}],"wp:featuredmedia":[{"embeddable":true,"href":"https:\/\/shop.mittgard.de\/index.php?rest_route=\/wp\/v2\/media\/1595"}],"wp:attachment":[{"href":"https:\/\/shop.mittgard.de\/index.php?rest_route=%2Fwp%2Fv2%2Fmedia&parent=1408"}],"wp:term":[{"taxonomy":"product_brand","embeddable":true,"href":"https:\/\/shop.mittgard.de\/index.php?rest_route=%2Fwp%2Fv2%2Fproduct_brand&post=1408"},{"taxonomy":"product_cat","embeddable":true,"href":"https:\/\/shop.mittgard.de\/index.php?rest_route=%2Fwp%2Fv2%2Fproduct_cat&post=1408"},{"taxonomy":"product_tag","embeddable":true,"href":"https:\/\/shop.mittgard.de\/index.php?rest_route=%2Fwp%2Fv2%2Fproduct_tag&post=1408"}],"curies":[{"name":"wp","href":"https:\/\/api.w.org\/{rel}","templated":true}]}}