{"id":1424,"date":"2018-05-01T17:06:23","date_gmt":"2018-05-01T15:06:23","guid":{"rendered":"http:\/\/shop.mittgard.de\/?product=import-placeholder-for-3512"},"modified":"2026-03-27T14:59:55","modified_gmt":"2026-03-27T13:59:55","slug":"engelswelten","status":"publish","type":"product","link":"https:\/\/shop.mittgard.de\/?product=engelswelten","title":{"rendered":"Engelswelten (50g)"},"content":{"rendered":"<p>zarter &amp; lichter Duft aktiviert das Engelbewu\u00dftsein, \u00f6ffnet f\u00fcr spirituelle Energien und unterst\u00fctzt bei feinstofflicher, heilerischer Arbeit mit Sandarak, Mastix, Dammar&#8230;<\/p>\n","protected":false},"excerpt":{"rendered":"<p>zarter &amp; lichter Duft aktiviert das Engelbewu\u00dftsein, \u00f6ffnet f\u00fcr spirituelle Energien und unterst\u00fctzt bei feinstofflicher, heilerischer Arbeit mit Sandarak, Mastix, Dammar&#8230;<\/p>\n","protected":false},"featured_media":1821,"template":"","meta":[],"product_brand":[],"product_cat":[117,110],"product_tag":[100,163],"class_list":{"0":"post-1424","1":"product","2":"type-product","3":"status-publish","4":"has-post-thumbnail","6":"product_cat-mischungen","7":"product_cat-raeucherwerk","8":"product_tag-erfrischend","9":"product_tag-klaerend","10":"product_shipping_class-paket","12":"first","13":"instock","14":"taxable","15":"shipping-taxable","16":"purchasable","17":"product-type-simple"},"_links":{"self":[{"href":"https:\/\/shop.mittgard.de\/index.php?rest_route=\/wp\/v2\/product\/1424","targetHints":{"allow":["GET"]}}],"collection":[{"href":"https:\/\/shop.mittgard.de\/index.php?rest_route=\/wp\/v2\/product"}],"about":[{"href":"https:\/\/shop.mittgard.de\/index.php?rest_route=\/wp\/v2\/types\/product"}],"wp:featuredmedia":[{"embeddable":true,"href":"https:\/\/shop.mittgard.de\/index.php?rest_route=\/wp\/v2\/media\/1821"}],"wp:attachment":[{"href":"https:\/\/shop.mittgard.de\/index.php?rest_route=%2Fwp%2Fv2%2Fmedia&parent=1424"}],"wp:term":[{"taxonomy":"product_brand","embeddable":true,"href":"https:\/\/shop.mittgard.de\/index.php?rest_route=%2Fwp%2Fv2%2Fproduct_brand&post=1424"},{"taxonomy":"product_cat","embeddable":true,"href":"https:\/\/shop.mittgard.de\/index.php?rest_route=%2Fwp%2Fv2%2Fproduct_cat&post=1424"},{"taxonomy":"product_tag","embeddable":true,"href":"https:\/\/shop.mittgard.de\/index.php?rest_route=%2Fwp%2Fv2%2Fproduct_tag&post=1424"}],"curies":[{"name":"wp","href":"https:\/\/api.w.org\/{rel}","templated":true}]}}