{"id":1459,"date":"2018-05-01T17:06:32","date_gmt":"2018-05-01T15:06:32","guid":{"rendered":"http:\/\/shop.mittgard.de\/?product=import-placeholder-for-3547"},"modified":"2026-03-27T15:05:35","modified_gmt":"2026-03-27T14:05:35","slug":"raeucherung-um-die-geschaefte-zu-foerdern","status":"publish","type":"product","link":"https:\/\/shop.mittgard.de\/?product=raeucherung-um-die-geschaefte-zu-foerdern","title":{"rendered":"R\u00e4ucherung, um die Gesch\u00e4fte zu f\u00f6rdern (50g)"},"content":{"rendered":"<p>Kubebenpfeffer, Sandelholz, Sonnenblume&#8230;<\/p>\n","protected":false},"excerpt":{"rendered":"<p>Kubebenpfeffer, Sandelholz, Sonnenblume&#8230;<\/p>\n","protected":false},"featured_media":8125,"template":"","meta":[],"product_brand":[],"product_cat":[117,110],"product_tag":[184,129,133],"class_list":{"0":"post-1459","1":"product","2":"type-product","3":"status-publish","4":"has-post-thumbnail","6":"product_cat-mischungen","7":"product_cat-raeucherwerk","8":"product_tag-hitzig","9":"product_tag-suesslich","10":"product_tag-wuerzig","11":"product_shipping_class-paket","13":"first","14":"instock","15":"taxable","16":"shipping-taxable","17":"purchasable","18":"product-type-simple"},"_links":{"self":[{"href":"https:\/\/shop.mittgard.de\/index.php?rest_route=\/wp\/v2\/product\/1459","targetHints":{"allow":["GET"]}}],"collection":[{"href":"https:\/\/shop.mittgard.de\/index.php?rest_route=\/wp\/v2\/product"}],"about":[{"href":"https:\/\/shop.mittgard.de\/index.php?rest_route=\/wp\/v2\/types\/product"}],"wp:featuredmedia":[{"embeddable":true,"href":"https:\/\/shop.mittgard.de\/index.php?rest_route=\/wp\/v2\/media\/8125"}],"wp:attachment":[{"href":"https:\/\/shop.mittgard.de\/index.php?rest_route=%2Fwp%2Fv2%2Fmedia&parent=1459"}],"wp:term":[{"taxonomy":"product_brand","embeddable":true,"href":"https:\/\/shop.mittgard.de\/index.php?rest_route=%2Fwp%2Fv2%2Fproduct_brand&post=1459"},{"taxonomy":"product_cat","embeddable":true,"href":"https:\/\/shop.mittgard.de\/index.php?rest_route=%2Fwp%2Fv2%2Fproduct_cat&post=1459"},{"taxonomy":"product_tag","embeddable":true,"href":"https:\/\/shop.mittgard.de\/index.php?rest_route=%2Fwp%2Fv2%2Fproduct_tag&post=1459"}],"curies":[{"name":"wp","href":"https:\/\/api.w.org\/{rel}","templated":true}]}}