{"id":1460,"date":"2018-05-01T17:06:32","date_gmt":"2018-05-01T15:06:32","guid":{"rendered":"http:\/\/shop.mittgard.de\/?product=import-placeholder-for-3548"},"modified":"2026-03-27T14:59:32","modified_gmt":"2026-03-27T13:59:32","slug":"raeucherung-um-mediale-anlagen-zu-staerken","status":"publish","type":"product","link":"https:\/\/shop.mittgard.de\/?product=raeucherung-um-mediale-anlagen-zu-staerken","title":{"rendered":"R\u00e4ucherung, um mediale Anlagen zu st\u00e4rken (50g)"},"content":{"rendered":"<p>Iris, B\u00e4rentraube, Betonie, Ziest&#8230;<\/p>\n","protected":false},"excerpt":{"rendered":"<p>Iris, B\u00e4rentraube, Betonie, Ziest&#8230;<\/p>\n","protected":false},"featured_media":1834,"template":"","meta":[],"product_brand":[],"product_cat":[117,110],"product_tag":[148,163,158],"class_list":{"0":"post-1460","1":"product","2":"type-product","3":"status-publish","4":"has-post-thumbnail","6":"product_cat-mischungen","7":"product_cat-raeucherwerk","8":"product_tag-blumig","9":"product_tag-klaerend","10":"product_tag-kraeuterig","11":"product_shipping_class-paket","13":"first","14":"instock","15":"taxable","16":"shipping-taxable","17":"purchasable","18":"product-type-simple"},"_links":{"self":[{"href":"https:\/\/shop.mittgard.de\/index.php?rest_route=\/wp\/v2\/product\/1460","targetHints":{"allow":["GET"]}}],"collection":[{"href":"https:\/\/shop.mittgard.de\/index.php?rest_route=\/wp\/v2\/product"}],"about":[{"href":"https:\/\/shop.mittgard.de\/index.php?rest_route=\/wp\/v2\/types\/product"}],"wp:featuredmedia":[{"embeddable":true,"href":"https:\/\/shop.mittgard.de\/index.php?rest_route=\/wp\/v2\/media\/1834"}],"wp:attachment":[{"href":"https:\/\/shop.mittgard.de\/index.php?rest_route=%2Fwp%2Fv2%2Fmedia&parent=1460"}],"wp:term":[{"taxonomy":"product_brand","embeddable":true,"href":"https:\/\/shop.mittgard.de\/index.php?rest_route=%2Fwp%2Fv2%2Fproduct_brand&post=1460"},{"taxonomy":"product_cat","embeddable":true,"href":"https:\/\/shop.mittgard.de\/index.php?rest_route=%2Fwp%2Fv2%2Fproduct_cat&post=1460"},{"taxonomy":"product_tag","embeddable":true,"href":"https:\/\/shop.mittgard.de\/index.php?rest_route=%2Fwp%2Fv2%2Fproduct_tag&post=1460"}],"curies":[{"name":"wp","href":"https:\/\/api.w.org\/{rel}","templated":true}]}}