{"id":1468,"date":"2018-05-01T17:06:33","date_gmt":"2018-05-01T15:06:33","guid":{"rendered":"http:\/\/shop.mittgard.de\/?product=import-placeholder-for-3556"},"modified":"2024-12-14T15:38:34","modified_gmt":"2024-12-14T14:38:34","slug":"weihrauch-fuer-visionen","status":"publish","type":"product","link":"https:\/\/shop.mittgard.de\/?product=weihrauch-fuer-visionen","title":{"rendered":"Weihrauch f\u00fcr Visionen (50g)"},"content":{"rendered":"<p>Wegwarte, Gew\u00fcrznelke, G\u00e4nsefingerkraut<\/p>\n","protected":false},"excerpt":{"rendered":"<p>Wegwarte, Gew\u00fcrznelke, G\u00e4nsefingerkraut<\/p>\n","protected":false},"featured_media":1842,"template":"","meta":[],"product_brand":[],"product_cat":[117,110],"product_tag":[180,133],"class_list":{"0":"post-1468","1":"product","2":"type-product","3":"status-publish","4":"has-post-thumbnail","6":"product_cat-mischungen","7":"product_cat-raeucherwerk","8":"product_tag-aromatisch","9":"product_tag-wuerzig","10":"product_shipping_class-paket","12":"first","13":"instock","14":"taxable","15":"shipping-taxable","16":"purchasable","17":"product-type-simple"},"_links":{"self":[{"href":"https:\/\/shop.mittgard.de\/index.php?rest_route=\/wp\/v2\/product\/1468","targetHints":{"allow":["GET"]}}],"collection":[{"href":"https:\/\/shop.mittgard.de\/index.php?rest_route=\/wp\/v2\/product"}],"about":[{"href":"https:\/\/shop.mittgard.de\/index.php?rest_route=\/wp\/v2\/types\/product"}],"wp:featuredmedia":[{"embeddable":true,"href":"https:\/\/shop.mittgard.de\/index.php?rest_route=\/wp\/v2\/media\/1842"}],"wp:attachment":[{"href":"https:\/\/shop.mittgard.de\/index.php?rest_route=%2Fwp%2Fv2%2Fmedia&parent=1468"}],"wp:term":[{"taxonomy":"product_brand","embeddable":true,"href":"https:\/\/shop.mittgard.de\/index.php?rest_route=%2Fwp%2Fv2%2Fproduct_brand&post=1468"},{"taxonomy":"product_cat","embeddable":true,"href":"https:\/\/shop.mittgard.de\/index.php?rest_route=%2Fwp%2Fv2%2Fproduct_cat&post=1468"},{"taxonomy":"product_tag","embeddable":true,"href":"https:\/\/shop.mittgard.de\/index.php?rest_route=%2Fwp%2Fv2%2Fproduct_tag&post=1468"}],"curies":[{"name":"wp","href":"https:\/\/api.w.org\/{rel}","templated":true}]}}