{"id":1475,"date":"2018-05-01T17:06:38","date_gmt":"2018-05-01T15:06:38","guid":{"rendered":"http:\/\/shop.mittgard.de\/?product=import-placeholder-for-3563"},"modified":"2024-12-14T15:40:49","modified_gmt":"2024-12-14T14:40:49","slug":"weihrauch-zur-foerderung-des-lernvermoegens","status":"publish","type":"product","link":"https:\/\/shop.mittgard.de\/?product=weihrauch-zur-foerderung-des-lernvermoegens","title":{"rendered":"Weihrauch zur F\u00f6rderung des Lernverm\u00f6gens (50g)"},"content":{"rendered":"<p>Muskatnu\u00dfbl\u00fcte, Rosmarin, Zimt&#8230;<\/p>\n","protected":false},"excerpt":{"rendered":"<p>Muskatnu\u00dfbl\u00fcte, Rosmarin, Zimt&#8230;<\/p>\n","protected":false},"featured_media":9000,"template":"","meta":[],"product_brand":[],"product_cat":[117,110],"product_tag":[129,133,182],"class_list":{"0":"post-1475","1":"product","2":"type-product","3":"status-publish","4":"has-post-thumbnail","6":"product_cat-mischungen","7":"product_cat-raeucherwerk","8":"product_tag-suesslich","9":"product_tag-wuerzig","10":"product_tag-zentrierend","11":"product_shipping_class-paket","13":"first","14":"instock","15":"taxable","16":"shipping-taxable","17":"purchasable","18":"product-type-simple"},"_links":{"self":[{"href":"https:\/\/shop.mittgard.de\/index.php?rest_route=\/wp\/v2\/product\/1475","targetHints":{"allow":["GET"]}}],"collection":[{"href":"https:\/\/shop.mittgard.de\/index.php?rest_route=\/wp\/v2\/product"}],"about":[{"href":"https:\/\/shop.mittgard.de\/index.php?rest_route=\/wp\/v2\/types\/product"}],"wp:featuredmedia":[{"embeddable":true,"href":"https:\/\/shop.mittgard.de\/index.php?rest_route=\/wp\/v2\/media\/9000"}],"wp:attachment":[{"href":"https:\/\/shop.mittgard.de\/index.php?rest_route=%2Fwp%2Fv2%2Fmedia&parent=1475"}],"wp:term":[{"taxonomy":"product_brand","embeddable":true,"href":"https:\/\/shop.mittgard.de\/index.php?rest_route=%2Fwp%2Fv2%2Fproduct_brand&post=1475"},{"taxonomy":"product_cat","embeddable":true,"href":"https:\/\/shop.mittgard.de\/index.php?rest_route=%2Fwp%2Fv2%2Fproduct_cat&post=1475"},{"taxonomy":"product_tag","embeddable":true,"href":"https:\/\/shop.mittgard.de\/index.php?rest_route=%2Fwp%2Fv2%2Fproduct_tag&post=1475"}],"curies":[{"name":"wp","href":"https:\/\/api.w.org\/{rel}","templated":true}]}}