{"id":1507,"date":"2018-05-01T17:06:47","date_gmt":"2018-05-01T15:06:47","guid":{"rendered":"http:\/\/shop.mittgard.de\/?product=import-placeholder-for-3631"},"modified":"2024-12-14T14:21:20","modified_gmt":"2024-12-14T13:21:20","slug":"jahreszeitenweihrauch-set","status":"publish","type":"product","link":"https:\/\/shop.mittgard.de\/?product=jahreszeitenweihrauch-set","title":{"rendered":"Jahreszeitenweihrauch-Set (5 x 50g)"},"content":{"rendered":"<p>alle 5 R\u00e4ucherungen f\u00fcr einen g\u00fcnstigeren Preis<\/p>\n<p>5 x 50 g<\/p>\n","protected":false},"excerpt":{"rendered":"<p>alle 5 R\u00e4ucherungen f\u00fcr einen g\u00fcnstigeren Preis 5 x 50 g<\/p>\n","protected":false},"featured_media":7958,"template":"","meta":[],"product_brand":[],"product_cat":[121,110],"product_tag":[],"class_list":{"0":"post-1507","1":"product","2":"type-product","3":"status-publish","4":"has-post-thumbnail","6":"product_cat-jahreszeiten","7":"product_cat-raeucherwerk","8":"product_shipping_class-paket","10":"first","11":"instock","12":"taxable","13":"shipping-taxable","14":"purchasable","15":"product-type-simple"},"_links":{"self":[{"href":"https:\/\/shop.mittgard.de\/index.php?rest_route=\/wp\/v2\/product\/1507","targetHints":{"allow":["GET"]}}],"collection":[{"href":"https:\/\/shop.mittgard.de\/index.php?rest_route=\/wp\/v2\/product"}],"about":[{"href":"https:\/\/shop.mittgard.de\/index.php?rest_route=\/wp\/v2\/types\/product"}],"wp:featuredmedia":[{"embeddable":true,"href":"https:\/\/shop.mittgard.de\/index.php?rest_route=\/wp\/v2\/media\/7958"}],"wp:attachment":[{"href":"https:\/\/shop.mittgard.de\/index.php?rest_route=%2Fwp%2Fv2%2Fmedia&parent=1507"}],"wp:term":[{"taxonomy":"product_brand","embeddable":true,"href":"https:\/\/shop.mittgard.de\/index.php?rest_route=%2Fwp%2Fv2%2Fproduct_brand&post=1507"},{"taxonomy":"product_cat","embeddable":true,"href":"https:\/\/shop.mittgard.de\/index.php?rest_route=%2Fwp%2Fv2%2Fproduct_cat&post=1507"},{"taxonomy":"product_tag","embeddable":true,"href":"https:\/\/shop.mittgard.de\/index.php?rest_route=%2Fwp%2Fv2%2Fproduct_tag&post=1507"}],"curies":[{"name":"wp","href":"https:\/\/api.w.org\/{rel}","templated":true}]}}