{"id":1508,"date":"2018-05-01T17:06:48","date_gmt":"2018-05-01T15:06:48","guid":{"rendered":"http:\/\/shop.mittgard.de\/?product=import-placeholder-for-3632"},"modified":"2024-12-14T14:21:38","modified_gmt":"2024-12-14T13:21:38","slug":"sommerweihrauch","status":"publish","type":"product","link":"https:\/\/shop.mittgard.de\/?product=sommerweihrauch","title":{"rendered":"Sommerweihrauch (50g)"},"content":{"rendered":"<p>warmer sonnig-s\u00fc\u00dfer Duft f\u00fcr erotische Stunden, mit Sandelholz, Zimt, Lavendel, Myrrhe&#8230;<\/p>\n","protected":false},"excerpt":{"rendered":"<p>warmer sonnig-s\u00fc\u00dfer Duft f\u00fcr erotische Stunden, mit Sandelholz, Zimt, Lavendel, Myrrhe&#8230;<\/p>\n","protected":false},"featured_media":1837,"template":"","meta":[],"product_brand":[],"product_cat":[121,110],"product_tag":[131,129,133],"class_list":{"0":"post-1508","1":"product","2":"type-product","3":"status-publish","4":"has-post-thumbnail","6":"product_cat-jahreszeiten","7":"product_cat-raeucherwerk","8":"product_tag-aphrodisierend","9":"product_tag-suesslich","10":"product_tag-wuerzig","11":"product_shipping_class-paket","13":"first","14":"instock","15":"taxable","16":"shipping-taxable","17":"purchasable","18":"product-type-simple"},"_links":{"self":[{"href":"https:\/\/shop.mittgard.de\/index.php?rest_route=\/wp\/v2\/product\/1508","targetHints":{"allow":["GET"]}}],"collection":[{"href":"https:\/\/shop.mittgard.de\/index.php?rest_route=\/wp\/v2\/product"}],"about":[{"href":"https:\/\/shop.mittgard.de\/index.php?rest_route=\/wp\/v2\/types\/product"}],"wp:featuredmedia":[{"embeddable":true,"href":"https:\/\/shop.mittgard.de\/index.php?rest_route=\/wp\/v2\/media\/1837"}],"wp:attachment":[{"href":"https:\/\/shop.mittgard.de\/index.php?rest_route=%2Fwp%2Fv2%2Fmedia&parent=1508"}],"wp:term":[{"taxonomy":"product_brand","embeddable":true,"href":"https:\/\/shop.mittgard.de\/index.php?rest_route=%2Fwp%2Fv2%2Fproduct_brand&post=1508"},{"taxonomy":"product_cat","embeddable":true,"href":"https:\/\/shop.mittgard.de\/index.php?rest_route=%2Fwp%2Fv2%2Fproduct_cat&post=1508"},{"taxonomy":"product_tag","embeddable":true,"href":"https:\/\/shop.mittgard.de\/index.php?rest_route=%2Fwp%2Fv2%2Fproduct_tag&post=1508"}],"curies":[{"name":"wp","href":"https:\/\/api.w.org\/{rel}","templated":true}]}}