{"id":15524,"date":"2022-12-15T10:18:15","date_gmt":"2022-12-15T09:18:15","guid":{"rendered":"https:\/\/shop.mittgard.de\/?post_type=product&#038;p=15524"},"modified":"2024-12-16T09:00:38","modified_gmt":"2024-12-16T08:00:38","slug":"sun-tsu-die-kunst-des-krieges","status":"publish","type":"product","link":"https:\/\/shop.mittgard.de\/?product=sun-tsu-die-kunst-des-krieges","title":{"rendered":"Sun Tsu &#8222;Die Kunst des Krieges&#8220;"},"content":{"rendered":"<p>Der chinesische Klassiker \u00fcber die Kunst des Krieges ist \u00fcber 2500 Jahre alt und bis heute eine unersch\u00f6pfliche Inspirationsquelle f\u00fcr die L\u00f6sung von Konflikten. &#8222;Jene, die wissen, wann sie k\u00e4mpfen sollen, werden siegen&#8220;, sagt Sun Tsu. An seinen Vorschl\u00e4gen und \u00dcberlegungen k\u00f6nnen wir wachsen. Weisheit und Menschlichkeit des Taoismus sind \u00fcbertragbar auf unser Leben und Handeln f\u00fcr ein gewaltfreies Miteinander.<\/p>\n<p>Gebundene Ausgabe, 254 Seiten<\/p>\n","protected":false},"excerpt":{"rendered":"<p>Geb<\/p>\n","protected":false},"featured_media":15525,"template":"","meta":[],"product_brand":[],"product_cat":[196,185],"product_tag":[1377,993,751,1378],"class_list":{"0":"post-15524","1":"product","2":"type-product","3":"status-publish","4":"has-post-thumbnail","6":"product_cat-kampfkuenste","7":"product_cat-literatur","8":"product_tag-china","9":"product_tag-kampf","10":"product_tag-krieger","11":"product_tag-weisheiten","12":"product_shipping_class-paket","14":"first","15":"onbackorder","16":"taxable","17":"shipping-taxable","18":"purchasable","19":"product-type-simple"},"_links":{"self":[{"href":"https:\/\/shop.mittgard.de\/index.php?rest_route=\/wp\/v2\/product\/15524","targetHints":{"allow":["GET"]}}],"collection":[{"href":"https:\/\/shop.mittgard.de\/index.php?rest_route=\/wp\/v2\/product"}],"about":[{"href":"https:\/\/shop.mittgard.de\/index.php?rest_route=\/wp\/v2\/types\/product"}],"wp:featuredmedia":[{"embeddable":true,"href":"https:\/\/shop.mittgard.de\/index.php?rest_route=\/wp\/v2\/media\/15525"}],"wp:attachment":[{"href":"https:\/\/shop.mittgard.de\/index.php?rest_route=%2Fwp%2Fv2%2Fmedia&parent=15524"}],"wp:term":[{"taxonomy":"product_brand","embeddable":true,"href":"https:\/\/shop.mittgard.de\/index.php?rest_route=%2Fwp%2Fv2%2Fproduct_brand&post=15524"},{"taxonomy":"product_cat","embeddable":true,"href":"https:\/\/shop.mittgard.de\/index.php?rest_route=%2Fwp%2Fv2%2Fproduct_cat&post=15524"},{"taxonomy":"product_tag","embeddable":true,"href":"https:\/\/shop.mittgard.de\/index.php?rest_route=%2Fwp%2Fv2%2Fproduct_tag&post=15524"}],"curies":[{"name":"wp","href":"https:\/\/api.w.org\/{rel}","templated":true}]}}