{"id":1553,"date":"2018-05-01T17:06:58","date_gmt":"2018-05-01T15:06:58","guid":{"rendered":"http:\/\/shop.mittgard.de\/?product=import-placeholder-for-3704"},"modified":"2024-12-14T15:44:49","modified_gmt":"2024-12-14T14:44:49","slug":"raeuchermuschel","status":"publish","type":"product","link":"https:\/\/shop.mittgard.de\/?product=raeuchermuschel","title":{"rendered":"R\u00e4uchermuschel"},"content":{"rendered":"<p>Capiz Unioschale geschliffen<\/p>\n<p>ca. 11 cm<\/p>\n<p>zum Verglimmen von Kr\u00e4utern und H\u00f6lzern, f\u00fcr Kohle eher ungeeignet<\/p>\n","protected":false},"excerpt":{"rendered":"<p>Capiz Unioschale geschliffen ca. 11 cm zum Verglimmen von Kr\u00e4utern und H\u00f6lzern, f\u00fcr Kohle eher ungeeignet<\/p>\n","protected":false},"featured_media":6168,"template":"","meta":[],"product_brand":[],"product_cat":[124,110],"product_tag":[469,689,643],"class_list":{"0":"post-1553","1":"product","2":"type-product","3":"status-publish","4":"has-post-thumbnail","6":"product_cat-raeuchergefaesse","7":"product_cat-raeucherwerk","8":"product_tag-muschel","9":"product_tag-perlmutt","10":"product_tag-raeuchern","11":"product_shipping_class-paket","13":"first","14":"instock","15":"taxable","16":"shipping-taxable","17":"purchasable","18":"product-type-simple"},"_links":{"self":[{"href":"https:\/\/shop.mittgard.de\/index.php?rest_route=\/wp\/v2\/product\/1553","targetHints":{"allow":["GET"]}}],"collection":[{"href":"https:\/\/shop.mittgard.de\/index.php?rest_route=\/wp\/v2\/product"}],"about":[{"href":"https:\/\/shop.mittgard.de\/index.php?rest_route=\/wp\/v2\/types\/product"}],"wp:featuredmedia":[{"embeddable":true,"href":"https:\/\/shop.mittgard.de\/index.php?rest_route=\/wp\/v2\/media\/6168"}],"wp:attachment":[{"href":"https:\/\/shop.mittgard.de\/index.php?rest_route=%2Fwp%2Fv2%2Fmedia&parent=1553"}],"wp:term":[{"taxonomy":"product_brand","embeddable":true,"href":"https:\/\/shop.mittgard.de\/index.php?rest_route=%2Fwp%2Fv2%2Fproduct_brand&post=1553"},{"taxonomy":"product_cat","embeddable":true,"href":"https:\/\/shop.mittgard.de\/index.php?rest_route=%2Fwp%2Fv2%2Fproduct_cat&post=1553"},{"taxonomy":"product_tag","embeddable":true,"href":"https:\/\/shop.mittgard.de\/index.php?rest_route=%2Fwp%2Fv2%2Fproduct_tag&post=1553"}],"curies":[{"name":"wp","href":"https:\/\/api.w.org\/{rel}","templated":true}]}}