{"id":1556,"date":"2018-05-01T17:06:58","date_gmt":"2018-05-01T15:06:58","guid":{"rendered":"http:\/\/shop.mittgard.de\/?product=import-placeholder-for-3707"},"modified":"2024-12-14T15:47:20","modified_gmt":"2024-12-14T14:47:20","slug":"raeucherschale-2","status":"publish","type":"product","link":"https:\/\/shop.mittgard.de\/?product=raeucherschale-2","title":{"rendered":"R\u00e4ucherschale &#8222;Spiegel&#8220;"},"content":{"rendered":"<p>aus rotem Holz mit kleinen Spiegeln<\/p>\n<p>\u00d8 = 15cm<\/p>\n<p>Zum R\u00e4uchern sollte gen\u00fcgend Sand hinein gef\u00fcllt werden, damit die hei\u00dfe Kohle das Holz nicht in Brand setzt!<\/p>\n<p>Man kann die sch\u00f6ne Schatulle nat\u00fcrlich auch als Aufbewahrungsbox z.B. f\u00fcr Schmuck verwenden.<\/p>\n","protected":false},"excerpt":{"rendered":"<p>aus rotem Holz mit kleinen Spiegeln \u00d8 = 15cm Zum R\u00e4uchern sollte gen\u00fcgend Sand hinein gef\u00fcllt werden, damit die hei\u00dfe Kohle das Holz nicht in Brand setzt! Man kann die sch\u00f6ne Schatulle nat\u00fcrlich auch als Aufbewahrungsbox z.B. f\u00fcr Schmuck verwenden.<\/p>\n","protected":false},"featured_media":5807,"template":"","meta":[],"product_brand":[],"product_cat":[124,110],"product_tag":[643,642],"class_list":{"0":"post-1556","1":"product","2":"type-product","3":"status-publish","4":"has-post-thumbnail","6":"product_cat-raeuchergefaesse","7":"product_cat-raeucherwerk","8":"product_tag-raeuchern","9":"product_tag-schatulle","10":"product_shipping_class-paket","12":"first","13":"instock","14":"sold-individually","15":"taxable","16":"shipping-taxable","17":"purchasable","18":"product-type-simple"},"_links":{"self":[{"href":"https:\/\/shop.mittgard.de\/index.php?rest_route=\/wp\/v2\/product\/1556","targetHints":{"allow":["GET"]}}],"collection":[{"href":"https:\/\/shop.mittgard.de\/index.php?rest_route=\/wp\/v2\/product"}],"about":[{"href":"https:\/\/shop.mittgard.de\/index.php?rest_route=\/wp\/v2\/types\/product"}],"wp:featuredmedia":[{"embeddable":true,"href":"https:\/\/shop.mittgard.de\/index.php?rest_route=\/wp\/v2\/media\/5807"}],"wp:attachment":[{"href":"https:\/\/shop.mittgard.de\/index.php?rest_route=%2Fwp%2Fv2%2Fmedia&parent=1556"}],"wp:term":[{"taxonomy":"product_brand","embeddable":true,"href":"https:\/\/shop.mittgard.de\/index.php?rest_route=%2Fwp%2Fv2%2Fproduct_brand&post=1556"},{"taxonomy":"product_cat","embeddable":true,"href":"https:\/\/shop.mittgard.de\/index.php?rest_route=%2Fwp%2Fv2%2Fproduct_cat&post=1556"},{"taxonomy":"product_tag","embeddable":true,"href":"https:\/\/shop.mittgard.de\/index.php?rest_route=%2Fwp%2Fv2%2Fproduct_tag&post=1556"}],"curies":[{"name":"wp","href":"https:\/\/api.w.org\/{rel}","templated":true}]}}