{"id":15633,"date":"2023-01-12T16:52:41","date_gmt":"2023-01-12T15:52:41","guid":{"rendered":"https:\/\/shop.mittgard.de\/?post_type=product&#038;p=15633"},"modified":"2025-10-08T18:33:25","modified_gmt":"2025-10-08T16:33:25","slug":"rendtorff-ilse-jahreszeitenfeste","status":"publish","type":"product","link":"https:\/\/shop.mittgard.de\/?product=rendtorff-ilse-jahreszeitenfeste","title":{"rendered":"Rendtorff, Ilse &#8222;Jahreszeitenfeste&#8220;"},"content":{"rendered":"<p>Lebendiges Feiern im Jahreskreis<\/p>\n<p>Feiern hei\u00dft, die Zustimmung zur Welt auszudr\u00fccken. In diesem Buch finden wir Anregungen, wie wir drau\u00dfen in der Natur der Zustimmung zur Sch\u00f6pfung Ausdruck geben k\u00f6nnen. In dem wir den Jahreszeiten nachsp\u00fcren und sie im Feiern bewu\u00dft erleben, stimmen wir uns ein auf den Rhythmus der Natur.<\/p>\n<p>Ilse Rendtorff hat \u00fcber viele Jahre mit ihrer Eulengruppe diese Feste gestaltet und gefeiert. Dieses Buch ist die Essenz jahrelanger Praxis und ein anregender Ratgeber f\u00fcr alle, die sich &#8211; unabh\u00e4ngig von religi\u00f6sen Vorgaben &#8211; immer wieder auf die Grundrhythmen unseres Lebens auf dieser Erde einstimmen wollen.<\/p>\n<p>Broschiert, 144 Seiten<\/p>\n","protected":false},"excerpt":{"rendered":"<p>Br<\/p>\n","protected":false},"featured_media":26265,"template":"","meta":[],"product_brand":[],"product_cat":[186,195,185],"product_tag":[538,320,225,223,382],"class_list":{"0":"post-15633","1":"product","2":"type-product","3":"status-publish","4":"has-post-thumbnail","6":"product_cat-alternativ-leben","7":"product_cat-hexentum-schamanismus","8":"product_cat-literatur","9":"product_tag-feiern","10":"product_tag-hexen","11":"product_tag-jahreskreis","12":"product_tag-naturreligion","13":"product_tag-rituale","14":"product_shipping_class-paket","16":"first","17":"onbackorder","18":"taxable","19":"shipping-taxable","20":"purchasable","21":"product-type-simple"},"_links":{"self":[{"href":"https:\/\/shop.mittgard.de\/index.php?rest_route=\/wp\/v2\/product\/15633","targetHints":{"allow":["GET"]}}],"collection":[{"href":"https:\/\/shop.mittgard.de\/index.php?rest_route=\/wp\/v2\/product"}],"about":[{"href":"https:\/\/shop.mittgard.de\/index.php?rest_route=\/wp\/v2\/types\/product"}],"wp:featuredmedia":[{"embeddable":true,"href":"https:\/\/shop.mittgard.de\/index.php?rest_route=\/wp\/v2\/media\/26265"}],"wp:attachment":[{"href":"https:\/\/shop.mittgard.de\/index.php?rest_route=%2Fwp%2Fv2%2Fmedia&parent=15633"}],"wp:term":[{"taxonomy":"product_brand","embeddable":true,"href":"https:\/\/shop.mittgard.de\/index.php?rest_route=%2Fwp%2Fv2%2Fproduct_brand&post=15633"},{"taxonomy":"product_cat","embeddable":true,"href":"https:\/\/shop.mittgard.de\/index.php?rest_route=%2Fwp%2Fv2%2Fproduct_cat&post=15633"},{"taxonomy":"product_tag","embeddable":true,"href":"https:\/\/shop.mittgard.de\/index.php?rest_route=%2Fwp%2Fv2%2Fproduct_tag&post=15633"}],"curies":[{"name":"wp","href":"https:\/\/api.w.org\/{rel}","templated":true}]}}