{"id":15638,"date":"2023-01-12T17:02:34","date_gmt":"2023-01-12T16:02:34","guid":{"rendered":"https:\/\/shop.mittgard.de\/?post_type=product&#038;p=15638"},"modified":"2025-10-08T17:44:29","modified_gmt":"2025-10-08T15:44:29","slug":"burckhardt-coco-pflanzenbrauch-im-jahreslauf","status":"publish","type":"product","link":"https:\/\/shop.mittgard.de\/?product=burckhardt-coco-pflanzenbrauch-im-jahreslauf","title":{"rendered":"Burckhardt, Coco &#8222;Pflanzenbrauch im Jahreslauf&#8220;"},"content":{"rendered":"<p>Mit Baum und Kraut im Reigen der Jahreskreisfeste spielen, heilen und genie\u00dfen<\/p>\n<p>Dieses Buch ist eine wahre Fundgrube f\u00fcr alle, die eine tiefere Verbindung nicht nur mit der Natur und den Pflanzen, sondern auch mit dem Rhythmus der Jahreszeiten suchen.<\/p>\n<p>Coco Burckhardt geleitet uns durch das keltische Jahresrad, erz\u00e4hlt mythische Geschichten, macht uns mit der Heilwirkung von Baum und Kraut bekannt, verr\u00e4t tolle Rezepte und gibt uns spannende Anregungen f\u00fcr das Begehen der Festtage. Das alles wird durch pr\u00e4zise Darstellungen der behandelten Pflanzen abgerundet.<\/p>\n<p>Broschiert, 192 Seiten<\/p>\n","protected":false},"excerpt":{"rendered":"<p>Br<\/p>\n","protected":false},"featured_media":26183,"template":"","meta":[],"product_brand":[],"product_cat":[186,195,194,185,201],"product_tag":[437,352,225,366,376,382],"class_list":{"0":"post-15638","1":"product","2":"type-product","3":"status-publish","4":"has-post-thumbnail","6":"product_cat-alternativ-leben","7":"product_cat-hexentum-schamanismus","8":"product_cat-kelten","9":"product_cat-literatur","10":"product_cat-naturheilkunde-kraeuterwissen","11":"product_tag-brauchtum","12":"product_tag-feste","13":"product_tag-jahreskreis","14":"product_tag-kraeuter","15":"product_tag-magie","16":"product_tag-rituale","17":"product_shipping_class-paket","19":"first","20":"onbackorder","21":"taxable","22":"shipping-taxable","23":"purchasable","24":"product-type-simple"},"_links":{"self":[{"href":"https:\/\/shop.mittgard.de\/index.php?rest_route=\/wp\/v2\/product\/15638","targetHints":{"allow":["GET"]}}],"collection":[{"href":"https:\/\/shop.mittgard.de\/index.php?rest_route=\/wp\/v2\/product"}],"about":[{"href":"https:\/\/shop.mittgard.de\/index.php?rest_route=\/wp\/v2\/types\/product"}],"wp:featuredmedia":[{"embeddable":true,"href":"https:\/\/shop.mittgard.de\/index.php?rest_route=\/wp\/v2\/media\/26183"}],"wp:attachment":[{"href":"https:\/\/shop.mittgard.de\/index.php?rest_route=%2Fwp%2Fv2%2Fmedia&parent=15638"}],"wp:term":[{"taxonomy":"product_brand","embeddable":true,"href":"https:\/\/shop.mittgard.de\/index.php?rest_route=%2Fwp%2Fv2%2Fproduct_brand&post=15638"},{"taxonomy":"product_cat","embeddable":true,"href":"https:\/\/shop.mittgard.de\/index.php?rest_route=%2Fwp%2Fv2%2Fproduct_cat&post=15638"},{"taxonomy":"product_tag","embeddable":true,"href":"https:\/\/shop.mittgard.de\/index.php?rest_route=%2Fwp%2Fv2%2Fproduct_tag&post=15638"}],"curies":[{"name":"wp","href":"https:\/\/api.w.org\/{rel}","templated":true}]}}