{"id":15643,"date":"2023-01-12T17:11:55","date_gmt":"2023-01-12T16:11:55","guid":{"rendered":"https:\/\/shop.mittgard.de\/?post_type=product&#038;p=15643"},"modified":"2025-11-17T11:23:03","modified_gmt":"2025-11-17T10:23:03","slug":"foucher-joanne-unsere-heimischen-goettinnen-neu-entdecken","status":"publish","type":"product","link":"https:\/\/shop.mittgard.de\/?product=foucher-joanne-unsere-heimischen-goettinnen-neu-entdecken","title":{"rendered":"Foucher, Joanne &#8222;Unsere heimischen G\u00f6ttinnen neu entdecken&#8220;"},"content":{"rendered":"<p>Joanne Foucher begibt sich auf die Suche nach den bei uns wohnenden G\u00f6ttinnen und bringt sie uns in diesem Buch sehr nah. Es ist eine Symbiose aus wissenschaftlicher Recherche und den Erfahrungen aus ann\u00e4hernd f\u00fcnfundzwanzig Jahren gelebter Spiritualit\u00e4t. Denn die G\u00f6ttin ist lebendig und kraftvoll.<\/p>\n<p>In diesem Buch tritt uns die G\u00f6ttin im Jahresrad in ihren Erscheinungen als Greisin, M\u00e4dchen, Liebende und Mutter entgegen, als H\u00fcterin der Elemente und zuletzt als Gro\u00dfe Mutter. Zu jeder dieser Erscheinungen gibt es Namen und \u00dcberlieferungen, die in diesem Land wurzeln.<\/p>\n<p>Joanne Foucher erz\u00e4hlt von diesen Traditionen und gibt uns zu jedem der acht Jahreskreisfeste kurze, inspirierende Anregungen f\u00fcr die eigene spirituelle Praxis.<\/p>\n<p>Broschiert, 192 Seiten<\/p>\n","protected":false},"excerpt":{"rendered":"<p>Br<\/p>\n","protected":false},"featured_media":26217,"template":"","meta":[],"product_brand":[],"product_cat":[186,195,185,211],"product_tag":[1327,320,225,382],"class_list":{"0":"post-15643","1":"product","2":"type-product","3":"status-publish","4":"has-post-thumbnail","6":"product_cat-alternativ-leben","7":"product_cat-hexentum-schamanismus","8":"product_cat-literatur","9":"product_cat-sachbuch-lexika","10":"product_tag-goettinnen","11":"product_tag-hexen","12":"product_tag-jahreskreis","13":"product_tag-rituale","14":"product_shipping_class-paket","16":"first","17":"instock","18":"taxable","19":"shipping-taxable","20":"purchasable","21":"product-type-simple"},"_links":{"self":[{"href":"https:\/\/shop.mittgard.de\/index.php?rest_route=\/wp\/v2\/product\/15643","targetHints":{"allow":["GET"]}}],"collection":[{"href":"https:\/\/shop.mittgard.de\/index.php?rest_route=\/wp\/v2\/product"}],"about":[{"href":"https:\/\/shop.mittgard.de\/index.php?rest_route=\/wp\/v2\/types\/product"}],"wp:featuredmedia":[{"embeddable":true,"href":"https:\/\/shop.mittgard.de\/index.php?rest_route=\/wp\/v2\/media\/26217"}],"wp:attachment":[{"href":"https:\/\/shop.mittgard.de\/index.php?rest_route=%2Fwp%2Fv2%2Fmedia&parent=15643"}],"wp:term":[{"taxonomy":"product_brand","embeddable":true,"href":"https:\/\/shop.mittgard.de\/index.php?rest_route=%2Fwp%2Fv2%2Fproduct_brand&post=15643"},{"taxonomy":"product_cat","embeddable":true,"href":"https:\/\/shop.mittgard.de\/index.php?rest_route=%2Fwp%2Fv2%2Fproduct_cat&post=15643"},{"taxonomy":"product_tag","embeddable":true,"href":"https:\/\/shop.mittgard.de\/index.php?rest_route=%2Fwp%2Fv2%2Fproduct_tag&post=15643"}],"curies":[{"name":"wp","href":"https:\/\/api.w.org\/{rel}","templated":true}]}}