{"id":15693,"date":"2023-01-14T16:22:36","date_gmt":"2023-01-14T15:22:36","guid":{"rendered":"https:\/\/shop.mittgard.de\/?post_type=product&#038;p=15693"},"modified":"2025-10-09T16:29:21","modified_gmt":"2025-10-09T14:29:21","slug":"reinhard-sanfte-heilpraxis","status":"publish","type":"product","link":"https:\/\/shop.mittgard.de\/?product=reinhard-sanfte-heilpraxis","title":{"rendered":"Reinhard &#8222;Sanfte Heilpraxis&#8220;"},"content":{"rendered":"<p>Einfachste Heilanwendungen aus der Naturheilkunde &#8211; Das Hausbuch f\u00fcr Jedermann<\/p>\n<p>Diese Neuauflage eines Standardwerks der Naturheilkunde beweist, dass sich Heilmittel und Heilkr\u00e4fte \u00fcberall darbieten, auch in unserer n\u00e4chsten Umgebung und in den einfachsten Dingen. Es f\u00fchrt uns hin zu den lebendigen Heilkr\u00e4ften der Natur und zeigt einfache Wege zur Selbstheilung mit Mitteln, die im K\u00fchlschrank, auf dem Balkon und im Garten zur Verf\u00fcgung stehen. Jeder Mensch kann diese Heilmittel zubereiten und so sein eigener Apotheker werden.<\/p>\n<p>Der in seinem Beruf revolution\u00e4re Naturarzt J\u00fcrg Reinhard gab seine erfolgreiche Arztpraxis auf, um als Autor, Referent und Kursleiter ein breites Publikum mit den Heilkr\u00e4ften der Natur vertraut zu machen. Neben zahlreichen praktischen Anwendungen vermittelt er in diesem Buch auch tiefe Einsichten und wertvolle Interpretationen der Natur, von Blumen, Tieren und Elementen.<\/p>\n<p>Broschierte Ausgabe, 208 Seiten<\/p>\n","protected":false},"excerpt":{"rendered":"<p>Br<\/p>\n","protected":false},"featured_media":26541,"template":"","meta":[],"product_brand":[],"product_cat":[185,201],"product_tag":[1384,1358,1112,1383],"class_list":{"0":"post-15693","1":"product","2":"type-product","3":"status-publish","4":"has-post-thumbnail","6":"product_cat-literatur","7":"product_cat-naturheilkunde-kraeuterwissen","8":"product_tag-arzneimittel","9":"product_tag-heilmittel","10":"product_tag-naturheilkunde","11":"product_tag-pflanzenkunde","12":"product_shipping_class-paket","14":"first","15":"onbackorder","16":"taxable","17":"shipping-taxable","18":"purchasable","19":"product-type-simple"},"_links":{"self":[{"href":"https:\/\/shop.mittgard.de\/index.php?rest_route=\/wp\/v2\/product\/15693","targetHints":{"allow":["GET"]}}],"collection":[{"href":"https:\/\/shop.mittgard.de\/index.php?rest_route=\/wp\/v2\/product"}],"about":[{"href":"https:\/\/shop.mittgard.de\/index.php?rest_route=\/wp\/v2\/types\/product"}],"wp:featuredmedia":[{"embeddable":true,"href":"https:\/\/shop.mittgard.de\/index.php?rest_route=\/wp\/v2\/media\/26541"}],"wp:attachment":[{"href":"https:\/\/shop.mittgard.de\/index.php?rest_route=%2Fwp%2Fv2%2Fmedia&parent=15693"}],"wp:term":[{"taxonomy":"product_brand","embeddable":true,"href":"https:\/\/shop.mittgard.de\/index.php?rest_route=%2Fwp%2Fv2%2Fproduct_brand&post=15693"},{"taxonomy":"product_cat","embeddable":true,"href":"https:\/\/shop.mittgard.de\/index.php?rest_route=%2Fwp%2Fv2%2Fproduct_cat&post=15693"},{"taxonomy":"product_tag","embeddable":true,"href":"https:\/\/shop.mittgard.de\/index.php?rest_route=%2Fwp%2Fv2%2Fproduct_tag&post=15693"}],"curies":[{"name":"wp","href":"https:\/\/api.w.org\/{rel}","templated":true}]}}