{"id":1574,"date":"2018-05-01T17:07:05","date_gmt":"2018-05-01T15:07:05","guid":{"rendered":"http:\/\/shop.mittgard.de\/?product=import-placeholder-for-3725"},"modified":"2024-12-14T15:59:47","modified_gmt":"2024-12-14T14:59:47","slug":"raeucherteller","status":"publish","type":"product","link":"https:\/\/shop.mittgard.de\/?product=raeucherteller","title":{"rendered":"R\u00e4ucherteller &#8222;G\u00f6ttin&#8220;"},"content":{"rendered":"<p>aus Holz mit Messing, mit dem Bild der Mutterg\u00f6ttin, f\u00fcr R\u00e4ucherst\u00e4bchen und R\u00e4ucherkegel<\/p>\n<p>\u00d8 = 10 cm<\/p>\n","protected":false},"excerpt":{"rendered":"<p>aus Holz mit Messing, mit dem Bild der Mutterg\u00f6ttin, f\u00fcr R\u00e4ucherst\u00e4bchen und R\u00e4ucherkegel \u00d8 = 10 cm<\/p>\n","protected":false},"featured_media":5550,"template":"","meta":[],"product_brand":[],"product_cat":[125,110],"product_tag":[603,602,600],"class_list":{"0":"post-1574","1":"product","2":"type-product","3":"status-publish","4":"has-post-thumbnail","6":"product_cat-raeucherstaebchen-halter","7":"product_cat-raeucherwerk","8":"product_tag-goettin","9":"product_tag-mutter","10":"product_tag-raeucherstaebchen","11":"product_shipping_class-paket","13":"first","14":"instock","15":"taxable","16":"shipping-taxable","17":"purchasable","18":"product-type-simple"},"_links":{"self":[{"href":"https:\/\/shop.mittgard.de\/index.php?rest_route=\/wp\/v2\/product\/1574","targetHints":{"allow":["GET"]}}],"collection":[{"href":"https:\/\/shop.mittgard.de\/index.php?rest_route=\/wp\/v2\/product"}],"about":[{"href":"https:\/\/shop.mittgard.de\/index.php?rest_route=\/wp\/v2\/types\/product"}],"wp:featuredmedia":[{"embeddable":true,"href":"https:\/\/shop.mittgard.de\/index.php?rest_route=\/wp\/v2\/media\/5550"}],"wp:attachment":[{"href":"https:\/\/shop.mittgard.de\/index.php?rest_route=%2Fwp%2Fv2%2Fmedia&parent=1574"}],"wp:term":[{"taxonomy":"product_brand","embeddable":true,"href":"https:\/\/shop.mittgard.de\/index.php?rest_route=%2Fwp%2Fv2%2Fproduct_brand&post=1574"},{"taxonomy":"product_cat","embeddable":true,"href":"https:\/\/shop.mittgard.de\/index.php?rest_route=%2Fwp%2Fv2%2Fproduct_cat&post=1574"},{"taxonomy":"product_tag","embeddable":true,"href":"https:\/\/shop.mittgard.de\/index.php?rest_route=%2Fwp%2Fv2%2Fproduct_tag&post=1574"}],"curies":[{"name":"wp","href":"https:\/\/api.w.org\/{rel}","templated":true}]}}