{"id":1575,"date":"2018-05-01T17:07:05","date_gmt":"2018-05-01T15:07:05","guid":{"rendered":"http:\/\/shop.mittgard.de\/?product=import-placeholder-for-3726"},"modified":"2024-12-14T15:53:16","modified_gmt":"2024-12-14T14:53:16","slug":"wikingerschiff","status":"publish","type":"product","link":"https:\/\/shop.mittgard.de\/?product=wikingerschiff","title":{"rendered":"Wikingerschiff"},"content":{"rendered":"<p>aus Zinn f\u00fcr kleine R\u00e4ucherkegel oder mit L\u00f6ffelchen f\u00fcr Salz oder anderes<\/p>\n<p>8x8x3 cm<\/p>\n","protected":false},"excerpt":{"rendered":"<p>aus Zinn f\u00fcr kleine R\u00e4ucherkegel oder mit L\u00f6ffelchen f\u00fcr Salz oder anderes 8x8x3 cm<\/p>\n","protected":false},"featured_media":6027,"template":"","meta":[],"product_brand":[],"product_cat":[124,110],"product_tag":[],"class_list":{"0":"post-1575","1":"product","2":"type-product","3":"status-publish","4":"has-post-thumbnail","6":"product_cat-raeuchergefaesse","7":"product_cat-raeucherwerk","8":"product_shipping_class-paket","10":"first","11":"onbackorder","12":"taxable","13":"shipping-taxable","14":"purchasable","15":"product-type-simple"},"_links":{"self":[{"href":"https:\/\/shop.mittgard.de\/index.php?rest_route=\/wp\/v2\/product\/1575","targetHints":{"allow":["GET"]}}],"collection":[{"href":"https:\/\/shop.mittgard.de\/index.php?rest_route=\/wp\/v2\/product"}],"about":[{"href":"https:\/\/shop.mittgard.de\/index.php?rest_route=\/wp\/v2\/types\/product"}],"wp:featuredmedia":[{"embeddable":true,"href":"https:\/\/shop.mittgard.de\/index.php?rest_route=\/wp\/v2\/media\/6027"}],"wp:attachment":[{"href":"https:\/\/shop.mittgard.de\/index.php?rest_route=%2Fwp%2Fv2%2Fmedia&parent=1575"}],"wp:term":[{"taxonomy":"product_brand","embeddable":true,"href":"https:\/\/shop.mittgard.de\/index.php?rest_route=%2Fwp%2Fv2%2Fproduct_brand&post=1575"},{"taxonomy":"product_cat","embeddable":true,"href":"https:\/\/shop.mittgard.de\/index.php?rest_route=%2Fwp%2Fv2%2Fproduct_cat&post=1575"},{"taxonomy":"product_tag","embeddable":true,"href":"https:\/\/shop.mittgard.de\/index.php?rest_route=%2Fwp%2Fv2%2Fproduct_tag&post=1575"}],"curies":[{"name":"wp","href":"https:\/\/api.w.org\/{rel}","templated":true}]}}