{"id":15785,"date":"2023-02-10T15:59:56","date_gmt":"2023-02-10T14:59:56","guid":{"rendered":"https:\/\/shop.mittgard.de\/?post_type=product&#038;p=15785"},"modified":"2025-10-09T16:43:29","modified_gmt":"2025-10-09T14:43:29","slug":"monroe-cassel-rezepte-aus-dem-auenland","status":"publish","type":"product","link":"https:\/\/shop.mittgard.de\/?product=monroe-cassel-rezepte-aus-dem-auenland","title":{"rendered":"Monroe-Cassel &#8222;Rezepte aus dem Auenland&#8220;"},"content":{"rendered":"<p>Das Halblings-Kochbuch<\/p>\n<p>Begebt Euch auf eine kulinarische Reise ins Auenland! Bei sieben Mahlzeiten am Tag l\u00e4uft nicht nur den Halblingen das Wasser im Mund zusammen. Herzhafte und s\u00fc\u00dfe Spei\u00dfen f\u00fcr ein erstes und ein zweites Fr\u00fchst\u00fcck, ein leichter Elf-Uhr-Imbiss f\u00fcr zwischendurch und danach ein ausgedehntes Mittagessen mit Schweinefleischpastete und anderen Leckereien machen die erste Tagesh\u00e4lfte aus. Zum Nachmittag genie\u00dfen die Halblinge gern eine erfrischende Tee-Zeit, schmackhafte Sandwiches und Sommerkuchen. Das Abendessen f\u00e4llt f\u00fcr ihre Verh\u00e4ltnisse eher bescheiden aus &#8211; wer kann es diesen freundlichen Gesellen nach einem so essensreichen Tag verdenken? Beim Nachtmahl hingegen wird noch einmal richtig zugelangt: Kanincheneintopf, Kr\u00e4uterforelle, Lammstelzen und vieles mehr stehen auf dem Plan. Halbling m\u00fcsste man sein!<\/p>\n<p>Chelsea Monroe-Cassel hat in diesem Buch \u00fcber 40 Rezepte aus dem Auenland zusammengetragen, mit denen ihr euch die Gem\u00fctlichkeit, die D\u00fcfte und die Aromen der Halblingsh\u00f6hlen in die heimische K\u00fcche holt.<\/p>\n<p>Gebundene Ausgabe, 112 Seiten<\/p>\n","protected":false},"excerpt":{"rendered":"<p>Geb<\/p>\n","protected":false},"featured_media":26561,"template":"","meta":[],"product_brand":[],"product_cat":[185,206],"product_tag":[1388,1386,1387,452],"class_list":{"0":"post-15785","1":"product","2":"type-product","3":"status-publish","4":"has-post-thumbnail","6":"product_cat-literatur","7":"product_cat-naturkost","8":"product_tag-halblinge","9":"product_tag-herr-der-ringe","10":"product_tag-hobbits","11":"product_tag-tolkien","12":"product_shipping_class-paket","14":"first","15":"onbackorder","16":"taxable","17":"shipping-taxable","18":"purchasable","19":"product-type-simple"},"_links":{"self":[{"href":"https:\/\/shop.mittgard.de\/index.php?rest_route=\/wp\/v2\/product\/15785","targetHints":{"allow":["GET"]}}],"collection":[{"href":"https:\/\/shop.mittgard.de\/index.php?rest_route=\/wp\/v2\/product"}],"about":[{"href":"https:\/\/shop.mittgard.de\/index.php?rest_route=\/wp\/v2\/types\/product"}],"wp:featuredmedia":[{"embeddable":true,"href":"https:\/\/shop.mittgard.de\/index.php?rest_route=\/wp\/v2\/media\/26561"}],"wp:attachment":[{"href":"https:\/\/shop.mittgard.de\/index.php?rest_route=%2Fwp%2Fv2%2Fmedia&parent=15785"}],"wp:term":[{"taxonomy":"product_brand","embeddable":true,"href":"https:\/\/shop.mittgard.de\/index.php?rest_route=%2Fwp%2Fv2%2Fproduct_brand&post=15785"},{"taxonomy":"product_cat","embeddable":true,"href":"https:\/\/shop.mittgard.de\/index.php?rest_route=%2Fwp%2Fv2%2Fproduct_cat&post=15785"},{"taxonomy":"product_tag","embeddable":true,"href":"https:\/\/shop.mittgard.de\/index.php?rest_route=%2Fwp%2Fv2%2Fproduct_tag&post=15785"}],"curies":[{"name":"wp","href":"https:\/\/api.w.org\/{rel}","templated":true}]}}