{"id":15837,"date":"2023-02-21T10:57:04","date_gmt":"2023-02-21T09:57:04","guid":{"rendered":"https:\/\/shop.mittgard.de\/?post_type=product&#038;p=15837"},"modified":"2026-04-06T13:53:42","modified_gmt":"2026-04-06T11:53:42","slug":"diverse-windmotoren","status":"publish","type":"product","link":"https:\/\/shop.mittgard.de\/?product=diverse-windmotoren","title":{"rendered":"Diverse &#8222;Windmotoren&#8220;"},"content":{"rendered":"<p>Diese Bauanleitung zeigt den Selbstbau von 5 verschieden gro\u00dfen Windkraftanlagen zur Stromerzeugung, Wasserbeschaffung und anderen Zwecken. Es handelt sich dabei um eine sogenannte Stahlwindturbine, wie man sie heute noch oft in den l\u00e4ndlichen Gegenden der USA sehen kann. Die \u00e4u\u00dferst robuste und dauerhafte Konstruktion mit Stahlblechen f\u00fcr den Rotor ist nicht nur windstabil, sondern auch langlebig, wie zahlreiche, f\u00fcnfzig oder sechzig Jahre Stahlwindturbinen zeigen.<\/p>\n<p>Im Gegensatz zu anderen (heutigen) Bauanleitungen, zeigt diese Anleitung die Anfertigung JEDER ben\u00f6tigten Einzelteile. Es wird hier sozusagen vom rohen Stahl, Blech und Holzbalken ausgehend erkl\u00e4rt, wie diese Windr\u00e4der aufgebaut werden. Es werden (bis auf sehr wenige Einzelteile wie Stahlkugeln, Muttern und Schrauben) alle Teile selbst angefertigt und es wird nicht auf Fertigteile &#8211; die von der Industrie geliefert werden &#8211; zur\u00fcckgegriffen.<\/p>\n<p>Es werden die Rotorgr\u00f6\u00dfen von 2000 mm bis 3000 mm Durchmesser beschrieben, also 5 verschiedengro\u00dfe Windkraftanlagen.<\/p>\n<p>Zur Anfertigung der Teile und f\u00fcr den Zusammenbau wird technisches Verst\u00e4ndnis vorausgesetzt, s\u00e4mtliche Einzelteile sind in St\u00fccklisten und technischen Zeichnungen mit Bema\u00dfungen in Millimeter dargestellt. Bis hin zum Selbstbau des Mastes und seiner entsprechenden Verankerungsm\u00f6glichkeiten.<\/p>\n<p>Broschr\u00fcre, A5, 44 S., Nachdruck (Neufassung) ersten Auflage von ca. 1920 (moderne Schrift), mit 19 Abbildungen.<br \/>\n<b>Zum Buch werden 7 doppelseitige (=14 Seiten) DIN-A3-Modellbogen mitgeliefert!<\/b><\/p>\n","protected":false},"excerpt":{"rendered":"<p>Heft<\/p>\n","protected":false},"featured_media":26195,"template":"","meta":[],"product_brand":[],"product_cat":[186,185],"product_tag":[220,1390,1389,543],"class_list":{"0":"post-15837","1":"product","2":"type-product","3":"status-publish","4":"has-post-thumbnail","6":"product_cat-alternativ-leben","7":"product_cat-literatur","8":"product_tag-selbstversorger","9":"product_tag-stromversorgung","10":"product_tag-wasserversorgung","11":"product_tag-wind","12":"product_shipping_class-brief","14":"first","15":"instock","16":"taxable","17":"shipping-taxable","18":"purchasable","19":"product-type-simple"},"_links":{"self":[{"href":"https:\/\/shop.mittgard.de\/index.php?rest_route=\/wp\/v2\/product\/15837","targetHints":{"allow":["GET"]}}],"collection":[{"href":"https:\/\/shop.mittgard.de\/index.php?rest_route=\/wp\/v2\/product"}],"about":[{"href":"https:\/\/shop.mittgard.de\/index.php?rest_route=\/wp\/v2\/types\/product"}],"wp:featuredmedia":[{"embeddable":true,"href":"https:\/\/shop.mittgard.de\/index.php?rest_route=\/wp\/v2\/media\/26195"}],"wp:attachment":[{"href":"https:\/\/shop.mittgard.de\/index.php?rest_route=%2Fwp%2Fv2%2Fmedia&parent=15837"}],"wp:term":[{"taxonomy":"product_brand","embeddable":true,"href":"https:\/\/shop.mittgard.de\/index.php?rest_route=%2Fwp%2Fv2%2Fproduct_brand&post=15837"},{"taxonomy":"product_cat","embeddable":true,"href":"https:\/\/shop.mittgard.de\/index.php?rest_route=%2Fwp%2Fv2%2Fproduct_cat&post=15837"},{"taxonomy":"product_tag","embeddable":true,"href":"https:\/\/shop.mittgard.de\/index.php?rest_route=%2Fwp%2Fv2%2Fproduct_tag&post=15837"}],"curies":[{"name":"wp","href":"https:\/\/api.w.org\/{rel}","templated":true}]}}