{"id":15844,"date":"2023-02-22T14:13:28","date_gmt":"2023-02-22T13:13:28","guid":{"rendered":"https:\/\/shop.mittgard.de\/?post_type=product&#038;p=15844"},"modified":"2025-10-09T16:34:15","modified_gmt":"2025-10-09T14:34:15","slug":"diverse-essbare-wildpflanzen-einfach-bestimmen","status":"publish","type":"product","link":"https:\/\/shop.mittgard.de\/?product=diverse-essbare-wildpflanzen-einfach-bestimmen","title":{"rendered":"Diverse &#8222;Essbare Wildpflanzen einfach bestimmen&#8220;"},"content":{"rendered":"<p>Die 50 beliebtesten essbaren Wildpflanzen sicher bestimmen<\/p>\n<p>Dieses Buch vermittelt sicheres Wildpflanzenwissen auch f\u00fcr Laien. Die 50 beliebtesten essbaren Wildpflanzen und ihre giftigen Doppelg\u00e4nger werden ausf\u00fchrlich und sicher bestimmbar vorgestellt:<\/p>\n<ul>\n<li>Alle relevanten Bestimmungsmerkmale in \u00fcber 400 Farbfotos<\/li>\n<li>Detailgenaue Zeichnungen zu jeder Pflanze mit allen botanischen Merkmalen<\/li>\n<li>Angaben zur optimalen Sammelzeit der verschiedenen Pflanzenteile<\/li>\n<li>Ausf\u00fchrliche Beschreibungen zur Verwendung der verschiedenen Pflanzenteile in der K\u00fcche mit vielen Tipps und Rezeptideen<\/li>\n<li>\u00dcbersichtliche Erntezeit-Tabelle zu s\u00e4mtlichen Pflanzen<\/li>\n<\/ul>\n<p>Der perfekte Ratgeber, auch f\u00fcr Einsteiger mit wenig Pflanzenkenntnis.<\/p>\n<p>Broschierte Ausgabe, 255 Seiten<\/p>\n","protected":false},"excerpt":{"rendered":"<p>Br<\/p>\n","protected":false},"featured_media":26549,"template":"","meta":[],"product_brand":[],"product_cat":[185,206],"product_tag":[409,398,241,220,244,416],"class_list":{"0":"post-15844","1":"product","2":"type-product","3":"status-publish","4":"has-post-thumbnail","6":"product_cat-literatur","7":"product_cat-naturkost","8":"product_tag-bestimmungsbuch","9":"product_tag-kochen","10":"product_tag-kueche","11":"product_tag-selbstversorger","12":"product_tag-survival","13":"product_tag-wildpflanzen","14":"product_shipping_class-paket","16":"first","17":"onbackorder","18":"taxable","19":"shipping-taxable","20":"purchasable","21":"product-type-simple"},"_links":{"self":[{"href":"https:\/\/shop.mittgard.de\/index.php?rest_route=\/wp\/v2\/product\/15844","targetHints":{"allow":["GET"]}}],"collection":[{"href":"https:\/\/shop.mittgard.de\/index.php?rest_route=\/wp\/v2\/product"}],"about":[{"href":"https:\/\/shop.mittgard.de\/index.php?rest_route=\/wp\/v2\/types\/product"}],"wp:featuredmedia":[{"embeddable":true,"href":"https:\/\/shop.mittgard.de\/index.php?rest_route=\/wp\/v2\/media\/26549"}],"wp:attachment":[{"href":"https:\/\/shop.mittgard.de\/index.php?rest_route=%2Fwp%2Fv2%2Fmedia&parent=15844"}],"wp:term":[{"taxonomy":"product_brand","embeddable":true,"href":"https:\/\/shop.mittgard.de\/index.php?rest_route=%2Fwp%2Fv2%2Fproduct_brand&post=15844"},{"taxonomy":"product_cat","embeddable":true,"href":"https:\/\/shop.mittgard.de\/index.php?rest_route=%2Fwp%2Fv2%2Fproduct_cat&post=15844"},{"taxonomy":"product_tag","embeddable":true,"href":"https:\/\/shop.mittgard.de\/index.php?rest_route=%2Fwp%2Fv2%2Fproduct_tag&post=15844"}],"curies":[{"name":"wp","href":"https:\/\/api.w.org\/{rel}","templated":true}]}}