{"id":15922,"date":"2023-03-21T16:46:56","date_gmt":"2023-03-21T15:46:56","guid":{"rendered":"https:\/\/shop.mittgard.de\/?post_type=product&#038;p=15922"},"modified":"2025-10-09T15:07:35","modified_gmt":"2025-10-09T13:07:35","slug":"krause-arnulf-koenig-artus","status":"publish","type":"product","link":"https:\/\/shop.mittgard.de\/?product=krause-arnulf-koenig-artus","title":{"rendered":"Krause, Arnulf &#8222;K\u00f6nig Artus&#8220;"},"content":{"rendered":"<p>Mythos und Geschichte<\/p>\n<p><em>&#8222;Und ich sage Euch, keine Lebensgeschichte eines K\u00f6nigs wird jemals so eifrig geh\u00f6rt werden wie die \u00fcber K\u00f6nig Artus und seinen Hof.&#8220;\u00a0 Le Roman du Graal<\/em><\/p>\n<p>Mit Zauberkraft gezeugt, als unerkannter K\u00f6nigssohn gro\u00dfgezogen, als kaum beachteter Knappe derjenige, der das Schwert Excalibur aus Amboss und Stein zieht und damit zum K\u00f6nig und Retter Britanniens wird:\u00a0 K\u00f6nig Artus ist eine moderne Mythengestalt, die zu Hollywood-Verfilmungen und anderen Produktionen inspiriert, zu Theaterinszenierungen, Musicals, Comics und Fantasyliteratur, Symboltr\u00e4chtige Requisiten wie das Schwert Excalibur, die runde Tafel oder der Heilige Gral sind weithin bekannt. Was aber steckt hinter der popul\u00e4ren Sagenfigur? Die Suche f\u00fchrt zur europaweiten Artusliteratur des Mittelalters, die das Bild einer ebenso farbenpr\u00e4chtigen wie skurrilen Fantasiewelt entwarf. Davor werden die Spuren des K\u00f6nigs Artus zwar immer sp\u00e4rlicher, f\u00fchren aber in die Epoche um das Jahr 500 auf den Britischen Inseln. Der Autor zeigt auf, wie aus einer historischen Person eine Sagenfigur und schlie\u00dflich ein omnipr\u00e4senter Mythos wurde.<\/p>\n<p>Gebundene Ausgabe, 224 Seiten<\/p>\n","protected":false},"excerpt":{"rendered":"<p>Geb<\/p>\n","protected":false},"featured_media":26429,"template":"","meta":[],"product_brand":[],"product_cat":[192,194,185,211],"product_tag":[1395,1398,1397,1396,313,963],"class_list":{"0":"post-15922","1":"product","2":"type-product","3":"status-publish","4":"has-post-thumbnail","6":"product_cat-geschichte","7":"product_cat-kelten","8":"product_cat-literatur","9":"product_cat-sachbuch-lexika","10":"product_tag-artus","11":"product_tag-avalon","12":"product_tag-excalibur","13":"product_tag-gral","14":"product_tag-kelten","15":"product_tag-merlin","16":"product_shipping_class-paket","18":"first","19":"instock","20":"taxable","21":"shipping-taxable","22":"purchasable","23":"product-type-simple"},"_links":{"self":[{"href":"https:\/\/shop.mittgard.de\/index.php?rest_route=\/wp\/v2\/product\/15922","targetHints":{"allow":["GET"]}}],"collection":[{"href":"https:\/\/shop.mittgard.de\/index.php?rest_route=\/wp\/v2\/product"}],"about":[{"href":"https:\/\/shop.mittgard.de\/index.php?rest_route=\/wp\/v2\/types\/product"}],"wp:featuredmedia":[{"embeddable":true,"href":"https:\/\/shop.mittgard.de\/index.php?rest_route=\/wp\/v2\/media\/26429"}],"wp:attachment":[{"href":"https:\/\/shop.mittgard.de\/index.php?rest_route=%2Fwp%2Fv2%2Fmedia&parent=15922"}],"wp:term":[{"taxonomy":"product_brand","embeddable":true,"href":"https:\/\/shop.mittgard.de\/index.php?rest_route=%2Fwp%2Fv2%2Fproduct_brand&post=15922"},{"taxonomy":"product_cat","embeddable":true,"href":"https:\/\/shop.mittgard.de\/index.php?rest_route=%2Fwp%2Fv2%2Fproduct_cat&post=15922"},{"taxonomy":"product_tag","embeddable":true,"href":"https:\/\/shop.mittgard.de\/index.php?rest_route=%2Fwp%2Fv2%2Fproduct_tag&post=15922"}],"curies":[{"name":"wp","href":"https:\/\/api.w.org\/{rel}","templated":true}]}}