{"id":15931,"date":"2023-03-22T15:37:03","date_gmt":"2023-03-22T14:37:03","guid":{"rendered":"https:\/\/shop.mittgard.de\/?post_type=product&#038;p=15931"},"modified":"2026-02-23T10:04:14","modified_gmt":"2026-02-23T09:04:14","slug":"popfinger-gerhard-die-schwitzhuette","status":"publish","type":"product","link":"https:\/\/shop.mittgard.de\/?product=popfinger-gerhard-die-schwitzhuette","title":{"rendered":"Popfinger, Gerhard &#8222;Die Schwitzh\u00fctte&#8220;"},"content":{"rendered":"<p>Herkunft, Bau &amp; Ritual<\/p>\n<p>Die Schwitzh\u00fctte &#8211; der Bauch der Erde. Gl\u00fchende Steine in der Dunkelheit, Menschen sitzen dicht beieinander im Kreis, beten, singen und meditieren.<\/p>\n<p>Wasserdampf steigt auf, und Erinnerung kehrt zur\u00fcck: an die Elemente, an den Kreislauf des Lebens und die Verbindung aller Wesen. Heilung geschieht, f\u00fcr den Einzelnen und die Gemeinschaft.<\/p>\n<p>Der erfahrene Schwitzh\u00fcttenleiter Popfinger beschreibt, was man \u00fcber den Ursprung, den Bau und die Durchf\u00fchrung einer Schwitzh\u00fcttenzeremonie wissen muss, ohne dabei einer bestimmten Tradition den Vorzug zu geben.<\/p>\n<p>Die authentischen Berichte von Schwitzh\u00fcttenleitern und von Teilnehmern zeigen ein breites Spektrum von m\u00f6glichen Erfahrungen.<\/p>\n<p>Aus dem Inhalt:<\/p>\n<ul>\n<li>Geschichte, Mythen und Ursprung<\/li>\n<li>Bekannte Traditionen<\/li>\n<li>Erfahrungsberichte<\/li>\n<li>Bau einer Schwitzh\u00fctte<\/li>\n<li>Durchf\u00fchrung von Zeremonien<\/li>\n<li>Lieder<\/li>\n<\/ul>\n<p>Broschierte Ausgabe, 320 Seiten<\/p>\n","protected":false},"excerpt":{"rendered":"<p>Br<\/p>\n","protected":false},"featured_media":26257,"template":"","meta":[],"product_brand":[],"product_cat":[186,195,185,211],"product_tag":[534,236,382,1399,1400],"class_list":{"0":"post-15931","1":"product","2":"type-product","3":"status-publish","4":"has-post-thumbnail","6":"product_cat-alternativ-leben","7":"product_cat-hexentum-schamanismus","8":"product_cat-literatur","9":"product_cat-sachbuch-lexika","10":"product_tag-indianer","11":"product_tag-mittelalter","12":"product_tag-rituale","13":"product_tag-schwitzhuette","14":"product_tag-skythen","15":"product_shipping_class-paket","17":"first","18":"onbackorder","19":"taxable","20":"shipping-taxable","21":"purchasable","22":"product-type-simple"},"_links":{"self":[{"href":"https:\/\/shop.mittgard.de\/index.php?rest_route=\/wp\/v2\/product\/15931","targetHints":{"allow":["GET"]}}],"collection":[{"href":"https:\/\/shop.mittgard.de\/index.php?rest_route=\/wp\/v2\/product"}],"about":[{"href":"https:\/\/shop.mittgard.de\/index.php?rest_route=\/wp\/v2\/types\/product"}],"wp:featuredmedia":[{"embeddable":true,"href":"https:\/\/shop.mittgard.de\/index.php?rest_route=\/wp\/v2\/media\/26257"}],"wp:attachment":[{"href":"https:\/\/shop.mittgard.de\/index.php?rest_route=%2Fwp%2Fv2%2Fmedia&parent=15931"}],"wp:term":[{"taxonomy":"product_brand","embeddable":true,"href":"https:\/\/shop.mittgard.de\/index.php?rest_route=%2Fwp%2Fv2%2Fproduct_brand&post=15931"},{"taxonomy":"product_cat","embeddable":true,"href":"https:\/\/shop.mittgard.de\/index.php?rest_route=%2Fwp%2Fv2%2Fproduct_cat&post=15931"},{"taxonomy":"product_tag","embeddable":true,"href":"https:\/\/shop.mittgard.de\/index.php?rest_route=%2Fwp%2Fv2%2Fproduct_tag&post=15931"}],"curies":[{"name":"wp","href":"https:\/\/api.w.org\/{rel}","templated":true}]}}