{"id":15940,"date":"2023-03-22T15:49:14","date_gmt":"2023-03-22T14:49:14","guid":{"rendered":"https:\/\/shop.mittgard.de\/?post_type=product&#038;p=15940"},"modified":"2025-10-08T17:42:34","modified_gmt":"2025-10-08T15:42:34","slug":"brueck-axel-die-kraft-der-rituale","status":"publish","type":"product","link":"https:\/\/shop.mittgard.de\/?product=brueck-axel-die-kraft-der-rituale","title":{"rendered":"Br\u00fcck, Axel &#8222;Die Kraft der Rituale&#8220;"},"content":{"rendered":"<p>Was ist ein Ritual und welche Arten gibt es? Wie funktioniert ein Ritual und woraus bezieht es Kraft? Was sind seine Bestandteile? Diese und weitere Fragen kl\u00e4rt Axel Br\u00fcck im ersten Teil des Buches.<\/p>\n<p>In Teil 2 schreibt er fachkundig und aus eigener Praxis \u00fcber Gebrauch und Entstehung von Ritualen, welche Ziele ein Ritual haben sowie aus welchen &#8222;Bausteine&#8220; es bestehen kann, was bei der Durchf\u00fchrung zu beachten ist und ob ein Ritual &#8222;Zuschauer&#8220; haben sollte.<\/p>\n<p>In Teil 3 widmet er sich detailliert den Ritualen des Lebens:<\/p>\n<ul>\n<li>Jahresfeste, Mondfeste, Sonnenfeste<\/li>\n<li>Einweihungsfeste f\u00fcr Pl\u00e4tze und Orte<\/li>\n<li>Feste zu Geburt und Tod, Hochzeit und Lebens\u00fcberg\u00e4ngen<\/li>\n<li>Rituale zu Ehren der G\u00f6tter und der heiligen Kr\u00e4fte<\/li>\n<li>Rituale der Ruhe und des inneren Friedens<\/li>\n<li>Alltags-Rituale sowie Rituale der magischen Arbeit<\/li>\n<\/ul>\n<p>Br\u00fcck legt hiermit das grundlegende Buch vor f\u00fcr schamanisch und magisch Interessierte, Naturreligi\u00f6se, Heiler, Therapeuten und P\u00e4dagogen, also f\u00fcr alle diejenigen, die in Freizeit oder Beruf mit Ritualen arbeiten.<\/p>\n<p>Broschierte Ausgabe, 174 Seiten<\/p>\n","protected":false},"excerpt":{"rendered":"<p>Br<\/p>\n","protected":false},"featured_media":26178,"template":"","meta":[],"product_brand":[],"product_cat":[186,195,185,211],"product_tag":[1054,376,223,248,1401],"class_list":{"0":"post-15940","1":"product","2":"type-product","3":"status-publish","4":"has-post-thumbnail","6":"product_cat-alternativ-leben","7":"product_cat-hexentum-schamanismus","8":"product_cat-literatur","9":"product_cat-sachbuch-lexika","10":"product_tag-blot","11":"product_tag-magie","12":"product_tag-naturreligion","13":"product_tag-ritual","14":"product_tag-zeremonien","15":"product_shipping_class-paket","17":"first","18":"onbackorder","19":"taxable","20":"shipping-taxable","21":"purchasable","22":"product-type-simple"},"_links":{"self":[{"href":"https:\/\/shop.mittgard.de\/index.php?rest_route=\/wp\/v2\/product\/15940","targetHints":{"allow":["GET"]}}],"collection":[{"href":"https:\/\/shop.mittgard.de\/index.php?rest_route=\/wp\/v2\/product"}],"about":[{"href":"https:\/\/shop.mittgard.de\/index.php?rest_route=\/wp\/v2\/types\/product"}],"wp:featuredmedia":[{"embeddable":true,"href":"https:\/\/shop.mittgard.de\/index.php?rest_route=\/wp\/v2\/media\/26178"}],"wp:attachment":[{"href":"https:\/\/shop.mittgard.de\/index.php?rest_route=%2Fwp%2Fv2%2Fmedia&parent=15940"}],"wp:term":[{"taxonomy":"product_brand","embeddable":true,"href":"https:\/\/shop.mittgard.de\/index.php?rest_route=%2Fwp%2Fv2%2Fproduct_brand&post=15940"},{"taxonomy":"product_cat","embeddable":true,"href":"https:\/\/shop.mittgard.de\/index.php?rest_route=%2Fwp%2Fv2%2Fproduct_cat&post=15940"},{"taxonomy":"product_tag","embeddable":true,"href":"https:\/\/shop.mittgard.de\/index.php?rest_route=%2Fwp%2Fv2%2Fproduct_tag&post=15940"}],"curies":[{"name":"wp","href":"https:\/\/api.w.org\/{rel}","templated":true}]}}