{"id":15979,"date":"2023-03-23T14:53:27","date_gmt":"2023-03-23T13:53:27","guid":{"rendered":"https:\/\/shop.mittgard.de\/?post_type=product&#038;p=15979"},"modified":"2025-10-09T16:57:14","modified_gmt":"2025-10-09T14:57:14","slug":"raeucherteller-mandala","status":"publish","type":"product","link":"https:\/\/shop.mittgard.de\/?product=raeucherteller-mandala","title":{"rendered":"R\u00e4ucherteller &#8222;Mandala&#8220;"},"content":{"rendered":"<p>aus Speckstein mit eingraviertem Bl\u00fctenmandala, f\u00fcr R\u00e4ucherst\u00e4bchen und R\u00e4ucherkegel<\/p>\n<p>\u00d8 = 13 cm<\/p>\n","protected":false},"excerpt":{"rendered":"<p>aus Speckstein mit eingraviertem Bl\u00fctenmandala, f\u00fcr R\u00e4ucherst\u00e4bchen und R\u00e4ucherkegel \u00d8 = 13 cm<\/p>\n","protected":false},"featured_media":26579,"template":"","meta":[],"product_brand":[],"product_cat":[125,110],"product_tag":[854,1402,600,660],"class_list":{"0":"post-15979","1":"product","2":"type-product","3":"status-publish","4":"has-post-thumbnail","6":"product_cat-raeucherstaebchen-halter","7":"product_cat-raeucherwerk","8":"product_tag-indien","9":"product_tag-mandala","10":"product_tag-raeucherstaebchen","11":"product_tag-speckstein","12":"product_shipping_class-paket","14":"first","15":"onbackorder","16":"taxable","17":"shipping-taxable","18":"purchasable","19":"product-type-simple"},"_links":{"self":[{"href":"https:\/\/shop.mittgard.de\/index.php?rest_route=\/wp\/v2\/product\/15979","targetHints":{"allow":["GET"]}}],"collection":[{"href":"https:\/\/shop.mittgard.de\/index.php?rest_route=\/wp\/v2\/product"}],"about":[{"href":"https:\/\/shop.mittgard.de\/index.php?rest_route=\/wp\/v2\/types\/product"}],"wp:featuredmedia":[{"embeddable":true,"href":"https:\/\/shop.mittgard.de\/index.php?rest_route=\/wp\/v2\/media\/26579"}],"wp:attachment":[{"href":"https:\/\/shop.mittgard.de\/index.php?rest_route=%2Fwp%2Fv2%2Fmedia&parent=15979"}],"wp:term":[{"taxonomy":"product_brand","embeddable":true,"href":"https:\/\/shop.mittgard.de\/index.php?rest_route=%2Fwp%2Fv2%2Fproduct_brand&post=15979"},{"taxonomy":"product_cat","embeddable":true,"href":"https:\/\/shop.mittgard.de\/index.php?rest_route=%2Fwp%2Fv2%2Fproduct_cat&post=15979"},{"taxonomy":"product_tag","embeddable":true,"href":"https:\/\/shop.mittgard.de\/index.php?rest_route=%2Fwp%2Fv2%2Fproduct_tag&post=15979"}],"curies":[{"name":"wp","href":"https:\/\/api.w.org\/{rel}","templated":true}]}}