{"id":2075,"date":"2018-06-22T15:29:58","date_gmt":"2018-06-22T13:29:58","guid":{"rendered":"http:\/\/shop.mittgard.de\/?product=import-placeholder-for-1301"},"modified":"2024-12-14T13:53:17","modified_gmt":"2024-12-14T12:53:17","slug":"benzoe-siam-50g","status":"publish","type":"product","link":"https:\/\/shop.mittgard.de\/?product=benzoe-siam-50g","title":{"rendered":"Benzoe Siam (50g)"},"content":{"rendered":"<p>warm, weich, sinnlich &#8211; s\u00fc\u00dflich, enth\u00e4lt Vanillin<\/p>\n<blockquote>\n<pre><span style=\"font-family: Lucida Blackletter, cursive; font-size: 12pt;\">Benzoe\r\n<\/span><span style=\"font-family: Lucida Blackletter, cursive; font-size: 12pt;\">\r\nSein Rauch vertreibt die Schlangen<\/span><span style=\"font-family: Lucida Blackletter, cursive; font-size: 12pt;\">\r\nUnd ist gut den schwangeren Frauen<\/span><span style=\"font-family: Lucida Blackletter, cursive; font-size: 12pt;\">\r\nDie Geburt zu erleichtern.<\/span><span style=\"font-family: Lucida Blackletter, cursive; font-size: 12pt;\">\r\nSo man ihn anz\u00fcndet<\/span><span style=\"font-family: Lucida Blackletter, cursive; font-size: 12pt;\">\r\nBrennet er als Licht<\/span>\r\n\r\n<span style=\"font-size: 12pt;\">Lonicerus 1679<\/span><\/pre>\n<\/blockquote>\n","protected":false},"excerpt":{"rendered":"<p>warm, weich, sinnlich &#8211; s\u00fc\u00dflich, enth\u00e4lt Vanillin Benzoe Sein Rauch vertreibt die Schlangen Und ist gut den schwangeren Frauen Die Geburt zu erleichtern. So man ihn anz\u00fcndet Brennet er als Licht Lonicerus 1679<\/p>\n","protected":false},"featured_media":1672,"template":"","meta":[],"product_brand":[],"product_cat":[112,110],"product_tag":[131,129,130],"class_list":{"0":"post-2075","1":"product","2":"type-product","3":"status-publish","4":"has-post-thumbnail","6":"product_cat-harze","7":"product_cat-raeucherwerk","8":"product_tag-aphrodisierend","9":"product_tag-suesslich","10":"product_tag-warm","11":"product_shipping_class-paket","13":"first","14":"instock","15":"taxable","16":"shipping-taxable","17":"purchasable","18":"product-type-simple"},"_links":{"self":[{"href":"https:\/\/shop.mittgard.de\/index.php?rest_route=\/wp\/v2\/product\/2075","targetHints":{"allow":["GET"]}}],"collection":[{"href":"https:\/\/shop.mittgard.de\/index.php?rest_route=\/wp\/v2\/product"}],"about":[{"href":"https:\/\/shop.mittgard.de\/index.php?rest_route=\/wp\/v2\/types\/product"}],"wp:featuredmedia":[{"embeddable":true,"href":"https:\/\/shop.mittgard.de\/index.php?rest_route=\/wp\/v2\/media\/1672"}],"wp:attachment":[{"href":"https:\/\/shop.mittgard.de\/index.php?rest_route=%2Fwp%2Fv2%2Fmedia&parent=2075"}],"wp:term":[{"taxonomy":"product_brand","embeddable":true,"href":"https:\/\/shop.mittgard.de\/index.php?rest_route=%2Fwp%2Fv2%2Fproduct_brand&post=2075"},{"taxonomy":"product_cat","embeddable":true,"href":"https:\/\/shop.mittgard.de\/index.php?rest_route=%2Fwp%2Fv2%2Fproduct_cat&post=2075"},{"taxonomy":"product_tag","embeddable":true,"href":"https:\/\/shop.mittgard.de\/index.php?rest_route=%2Fwp%2Fv2%2Fproduct_tag&post=2075"}],"curies":[{"name":"wp","href":"https:\/\/api.w.org\/{rel}","templated":true}]}}