{"id":2077,"date":"2018-06-22T15:29:59","date_gmt":"2018-06-22T13:29:59","guid":{"rendered":"http:\/\/shop.mittgard.de\/?product=import-placeholder-for-1303"},"modified":"2024-12-14T13:54:07","modified_gmt":"2024-12-14T12:54:07","slug":"bernstein-25g","status":"publish","type":"product","link":"https:\/\/shop.mittgard.de\/?product=bernstein-25g","title":{"rendered":"Bernstein (25g)"},"content":{"rendered":"<p>die Tr\u00e4nen der Freyja vermitteln Ausgeglichenheit, st\u00e4rken die Entschlusskraft &amp; das Erinnerungsverm\u00f6gen, schenken Zuversicht &amp; Optimismus<\/p>\n<blockquote>\n<pre><span style=\"font-family: Chilanka;\"><span style=\"font-size: large;\"><b>Bernstein<\/b><\/span><\/span>\r\n\r\n<span style=\"font-family: Chilanka; font-size: 12pt;\">Bernstein ist ein fossiles Harz der B\u00e4ume aus dem Terti\u00e4r, versch\u00fcttet und\r\nversteinert wird es nun Millionen Jahre sp\u00e4ter an unsere Str\u00e4nde gesp\u00fclt. \r\nDie Griechen nannten es Elektron, woher das Wort Elektrizit\u00e4t stammt. \r\nDenn reibt man den Bernstein l\u00e4dt er sich elektrostatisch auf. Auch in \r\n\u00c4gypten wurde er als Sonnenstein geliebt, trug er doch die Kraft der \r\nSonne in sich. Er war wichtiger Bestandteil von Tempel- &amp; Heilr\u00e4ucherungen,\r\nverband die Menschen mit den G\u00f6ttern und schaffte eine Atmosph\u00e4re der\r\nW\u00e4rme und Erneuerung. Rings um das Mittelmeer war er daher ein beliebtes\r\nHeilmittel gegen allerlei Krankheiten und noch heute wird in der Apotheke \r\nBernstein\u00f6l als Rheumamittel verkauft. Kein Wunder, da\u00df Bernstein eines \r\nder wichtigsten Handelsg\u00fcter zwischen Rom und den germanischen \r\nV\u00f6lkern war. F\u00fcr sie war der Bernstein die versteinerte Form von Freyjas \r\nTr\u00e4nen als sie um ihren Geliebten Odur weinte und auch ihr Halsschmuck \r\nBrisingamen besteht aus Bernstein.<\/span><\/pre>\n<\/blockquote>\n","protected":false},"excerpt":{"rendered":"<p>die Tr\u00e4nen der Freyja vermitteln Ausgeglichenheit, st\u00e4rken die Entschlusskraft &amp; das Erinnerungsverm\u00f6gen, schenken Zuversicht &amp; Optimismus Bernstein Bernstein ist ein fossiles Harz der B\u00e4ume aus dem Terti\u00e4r, versch\u00fcttet und versteinert wird es nun Millionen Jahre sp\u00e4ter an unsere Str\u00e4nde gesp\u00fclt. Die Griechen nannten es Elektron, woher das Wort Elektrizit\u00e4t stammt. Denn reibt man den Bernstein &hellip; <\/p>\n<p class=\"link-more\"><a href=\"https:\/\/shop.mittgard.de\/?product=bernstein-25g\" class=\"more-link\"><span class=\"screen-reader-text\">\u201eBernstein (25g)\u201c <\/span>weiterlesen<\/a><\/p>\n","protected":false},"featured_media":6872,"template":"","meta":[],"product_brand":[],"product_cat":[112,110],"product_tag":[132],"class_list":{"0":"post-2077","1":"product","2":"type-product","3":"status-publish","4":"has-post-thumbnail","6":"product_cat-harze","7":"product_cat-raeucherwerk","8":"product_tag-sonnig","9":"product_shipping_class-paket","11":"first","12":"instock","13":"taxable","14":"shipping-taxable","15":"purchasable","16":"product-type-simple"},"_links":{"self":[{"href":"https:\/\/shop.mittgard.de\/index.php?rest_route=\/wp\/v2\/product\/2077","targetHints":{"allow":["GET"]}}],"collection":[{"href":"https:\/\/shop.mittgard.de\/index.php?rest_route=\/wp\/v2\/product"}],"about":[{"href":"https:\/\/shop.mittgard.de\/index.php?rest_route=\/wp\/v2\/types\/product"}],"wp:featuredmedia":[{"embeddable":true,"href":"https:\/\/shop.mittgard.de\/index.php?rest_route=\/wp\/v2\/media\/6872"}],"wp:attachment":[{"href":"https:\/\/shop.mittgard.de\/index.php?rest_route=%2Fwp%2Fv2%2Fmedia&parent=2077"}],"wp:term":[{"taxonomy":"product_brand","embeddable":true,"href":"https:\/\/shop.mittgard.de\/index.php?rest_route=%2Fwp%2Fv2%2Fproduct_brand&post=2077"},{"taxonomy":"product_cat","embeddable":true,"href":"https:\/\/shop.mittgard.de\/index.php?rest_route=%2Fwp%2Fv2%2Fproduct_cat&post=2077"},{"taxonomy":"product_tag","embeddable":true,"href":"https:\/\/shop.mittgard.de\/index.php?rest_route=%2Fwp%2Fv2%2Fproduct_tag&post=2077"}],"curies":[{"name":"wp","href":"https:\/\/api.w.org\/{rel}","templated":true}]}}