{"id":2116,"date":"2018-06-22T15:30:09","date_gmt":"2018-06-22T13:30:09","guid":{"rendered":"http:\/\/shop.mittgard.de\/?product=import-placeholder-for-1343"},"modified":"2024-12-14T14:26:20","modified_gmt":"2024-12-14T13:26:20","slug":"cassia-zimtbluete-50g","status":"publish","type":"product","link":"https:\/\/shop.mittgard.de\/?product=cassia-zimtbluete-50g","title":{"rendered":"Cassia, Zimtbl\u00fcte, ganz (50g)"},"content":{"rendered":"<p>s\u00fc\u00dfer, warmer Duft, \u00f6ffnet das Herz, sinnlich, h\u00e4lt Insekten fern<\/p>\n","protected":false},"excerpt":{"rendered":"<p>s\u00fc\u00dfer, warmer Duft, \u00f6ffnet das Herz, sinnlich, h\u00e4lt Insekten fern<\/p>\n","protected":false},"featured_media":1721,"template":"","meta":[],"product_brand":[],"product_cat":[114,110],"product_tag":[129,65],"class_list":{"0":"post-2116","1":"product","2":"type-product","3":"status-publish","4":"has-post-thumbnail","6":"product_cat-kraeuter-hoelzer","7":"product_cat-raeucherwerk","8":"product_tag-suesslich","9":"product_tag-waermend","10":"product_shipping_class-paket","12":"first","13":"instock","14":"taxable","15":"shipping-taxable","16":"purchasable","17":"product-type-simple"},"_links":{"self":[{"href":"https:\/\/shop.mittgard.de\/index.php?rest_route=\/wp\/v2\/product\/2116","targetHints":{"allow":["GET"]}}],"collection":[{"href":"https:\/\/shop.mittgard.de\/index.php?rest_route=\/wp\/v2\/product"}],"about":[{"href":"https:\/\/shop.mittgard.de\/index.php?rest_route=\/wp\/v2\/types\/product"}],"wp:featuredmedia":[{"embeddable":true,"href":"https:\/\/shop.mittgard.de\/index.php?rest_route=\/wp\/v2\/media\/1721"}],"wp:attachment":[{"href":"https:\/\/shop.mittgard.de\/index.php?rest_route=%2Fwp%2Fv2%2Fmedia&parent=2116"}],"wp:term":[{"taxonomy":"product_brand","embeddable":true,"href":"https:\/\/shop.mittgard.de\/index.php?rest_route=%2Fwp%2Fv2%2Fproduct_brand&post=2116"},{"taxonomy":"product_cat","embeddable":true,"href":"https:\/\/shop.mittgard.de\/index.php?rest_route=%2Fwp%2Fv2%2Fproduct_cat&post=2116"},{"taxonomy":"product_tag","embeddable":true,"href":"https:\/\/shop.mittgard.de\/index.php?rest_route=%2Fwp%2Fv2%2Fproduct_tag&post=2116"}],"curies":[{"name":"wp","href":"https:\/\/api.w.org\/{rel}","templated":true}]}}