{"id":2120,"date":"2018-06-22T15:30:09","date_gmt":"2018-06-22T13:30:09","guid":{"rendered":"http:\/\/shop.mittgard.de\/?product=import-placeholder-for-1347"},"modified":"2026-03-25T16:02:15","modified_gmt":"2026-03-25T15:02:15","slug":"diptam-wurzel-50g","status":"publish","type":"product","link":"https:\/\/shop.mittgard.de\/?product=diptam-wurzel-50g","title":{"rendered":"Diptam, Wurzel, geschnitten (50g)"},"content":{"rendered":"<p>Escherwurzel, warm &#8211; w\u00fcrzig, wabernd dicke Rauchschwaden<\/p>\n<blockquote>\n<pre class=\"western\"><span style=\"font-family: Impress BT;\"><span style=\"font-size: medium;\">Kretischer Diktam<\/span><\/span>\r\n\r\n<span style=\"font-family: Impress BT;\"><span style=\"font-size: medium;\">Geh\u00f6rt zu den Mysterienpflanzen des Altertums.\r\nEr wurde zur Divination benutzt, um mit seiner Hilfe mit den \r\nG\u00f6ttern in Verbindung treten zu k\u00f6nnen und Zuk\u00fcnftiges \r\nzu erschauen. In der Antike r\u00fchmte man seine Wunderkr\u00e4fte. \r\nSo sollen die Wildziegen auf Kreta, die den Diktam fra\u00dfen, \r\nder auf dem Berge Ida wuchs, immun gegen Giftpfeile gewesen sein.\r\nDer Diktam vom Berge Dhikti auf Kreta dagegen soll beim \r\nVerr\u00e4uchern alle krankheitsverursachenden Einfl\u00fcsse verscheuchen.\r\nAuch in der Neuzeit gilt er noch als kraftvolle magische Pflanze.\r\nDer Diktam ergibt eine warm-kr\u00e4uterige R\u00e4ucherung und st\u00e4rkt \r\nden feinstofflichen Schutzschild unseres K\u00f6rpers, und so sind wir \r\ngewappnet gegen sch\u00e4dliche energetische Einfl\u00fcsse und k\u00f6nnen \r\nbesser mit unseren eigenen inneren Kr\u00e4ften in Verbindung treten. \r\nDer Diktam ist daher zu Wunschritualen gut geeignet. \r\nIn der R\u00e4ucherheilkunde wird er zur St\u00e4rkung der Atemorgane \r\nund zur allgemeinen Abwehrst\u00e4rkung. Der Duft des Diktams \r\nwirkt beruhigend und ausgleichend bei Nervosit\u00e4t und Angst. \r\n<\/span><\/span><\/pre>\n<\/blockquote>\n","protected":false},"excerpt":{"rendered":"<p>Escherwurzel, warm &#8211; w\u00fcrzig, wabernd dicke Rauchschwaden Kretischer Diktam Geh\u00f6rt zu den Mysterienpflanzen des Altertums. Er wurde zur Divination benutzt, um mit seiner Hilfe mit den G\u00f6ttern in Verbindung treten zu k\u00f6nnen und Zuk\u00fcnftiges zu erschauen. In der Antike r\u00fchmte man seine Wunderkr\u00e4fte. So sollen die Wildziegen auf Kreta, die den Diktam fra\u00dfen, der auf &hellip; <\/p>\n<p class=\"link-more\"><a href=\"https:\/\/shop.mittgard.de\/?product=diptam-wurzel-50g\" class=\"more-link\"><span class=\"screen-reader-text\">\u201eDiptam, Wurzel, geschnitten (50g)\u201c <\/span>weiterlesen<\/a><\/p>\n","protected":false},"featured_media":1724,"template":"","meta":[],"product_brand":[],"product_cat":[114,110],"product_tag":[130,133],"class_list":{"0":"post-2120","1":"product","2":"type-product","3":"status-publish","4":"has-post-thumbnail","6":"product_cat-kraeuter-hoelzer","7":"product_cat-raeucherwerk","8":"product_tag-warm","9":"product_tag-wuerzig","10":"product_shipping_class-paket","12":"first","13":"instock","14":"taxable","15":"shipping-taxable","16":"purchasable","17":"product-type-simple"},"_links":{"self":[{"href":"https:\/\/shop.mittgard.de\/index.php?rest_route=\/wp\/v2\/product\/2120","targetHints":{"allow":["GET"]}}],"collection":[{"href":"https:\/\/shop.mittgard.de\/index.php?rest_route=\/wp\/v2\/product"}],"about":[{"href":"https:\/\/shop.mittgard.de\/index.php?rest_route=\/wp\/v2\/types\/product"}],"wp:featuredmedia":[{"embeddable":true,"href":"https:\/\/shop.mittgard.de\/index.php?rest_route=\/wp\/v2\/media\/1724"}],"wp:attachment":[{"href":"https:\/\/shop.mittgard.de\/index.php?rest_route=%2Fwp%2Fv2%2Fmedia&parent=2120"}],"wp:term":[{"taxonomy":"product_brand","embeddable":true,"href":"https:\/\/shop.mittgard.de\/index.php?rest_route=%2Fwp%2Fv2%2Fproduct_brand&post=2120"},{"taxonomy":"product_cat","embeddable":true,"href":"https:\/\/shop.mittgard.de\/index.php?rest_route=%2Fwp%2Fv2%2Fproduct_cat&post=2120"},{"taxonomy":"product_tag","embeddable":true,"href":"https:\/\/shop.mittgard.de\/index.php?rest_route=%2Fwp%2Fv2%2Fproduct_tag&post=2120"}],"curies":[{"name":"wp","href":"https:\/\/api.w.org\/{rel}","templated":true}]}}