{"id":2121,"date":"2018-06-22T15:30:09","date_gmt":"2018-06-22T13:30:09","guid":{"rendered":"http:\/\/shop.mittgard.de\/?product=import-placeholder-for-1348"},"modified":"2026-03-25T16:31:51","modified_gmt":"2026-03-25T15:31:51","slug":"eberwurz-50g","status":"publish","type":"product","link":"https:\/\/shop.mittgard.de\/?product=eberwurz-50g","title":{"rendered":"Eberwurz, Wurzel, geschnitten (50g)"},"content":{"rendered":"<p>animalisches Duftkraut des Fruchtbarkeitsgottes Freyr<\/p>\n<blockquote>\n<pre><span style=\"font-family: Chilanka;\"><span style=\"font-size: large;\"><b>Eberwurz<\/b><\/span><\/span>\r\n\r\n<span style=\"font-family: Chilanka;\"><span style=\"font-size: medium;\">ist der althochdeutsche Name f\u00fcr die Silberdistel. Wahrscheinlich weil man\r\nfr\u00fcher mit ihr die Schweine gef\u00fcttert hat. Tats\u00e4chlich kann man den \r\nfleischigen Bl\u00fctenboden der Silberdistel \u00e4hnlich wie Artischocken \r\nzubereiten, weshalb man die Pflanze auch J\u00e4gerbrot nannte. Ich pers\u00f6nlich \r\nfinde allerdings, da\u00df die Wurzel der Silberdistel auch stark wie ein \r\nbr\u00fcnstiger Eber riecht, weshalb ich ihn sehr passend f\u00fcr die \r\nFreyr-R\u00e4ucherung finde. Vielleicht wurde die Silberdistel auch deshalb im \r\nMittelalter als Aphrodisiakum genutzt. Allerdings soll sie nur bei M\u00e4nnern \r\npotenzst\u00e4rkend &amp; Kr\u00e4fte mehrend wirken. Bei Frauen wirkt sie \r\neingenommen menstruationsf\u00f6rdernd, weshalb Schwangere sie auf gar \r\nkeinen Fall nutzen sollten! <\/span><\/span><\/pre>\n<\/blockquote>\n","protected":false},"excerpt":{"rendered":"<p>animalisches Duftkraut des Fruchtbarkeitsgottes Freyr Eberwurz ist der althochdeutsche Name f\u00fcr die Silberdistel. Wahrscheinlich weil man fr\u00fcher mit ihr die Schweine gef\u00fcttert hat. Tats\u00e4chlich kann man den fleischigen Bl\u00fctenboden der Silberdistel \u00e4hnlich wie Artischocken zubereiten, weshalb man die Pflanze auch J\u00e4gerbrot nannte. Ich pers\u00f6nlich finde allerdings, da\u00df die Wurzel der Silberdistel auch stark wie ein &hellip; <\/p>\n<p class=\"link-more\"><a href=\"https:\/\/shop.mittgard.de\/?product=eberwurz-50g\" class=\"more-link\"><span class=\"screen-reader-text\">\u201eEberwurz, Wurzel, geschnitten (50g)\u201c <\/span>weiterlesen<\/a><\/p>\n","protected":false},"featured_media":8136,"template":"","meta":[],"product_brand":[],"product_cat":[114,110],"product_tag":[155,151],"class_list":{"0":"post-2121","1":"product","2":"type-product","3":"status-publish","4":"has-post-thumbnail","6":"product_cat-kraeuter-hoelzer","7":"product_cat-raeucherwerk","8":"product_tag-animalisch","9":"product_tag-stinkig","10":"product_shipping_class-paket","12":"first","13":"instock","14":"taxable","15":"shipping-taxable","16":"purchasable","17":"product-type-simple"},"_links":{"self":[{"href":"https:\/\/shop.mittgard.de\/index.php?rest_route=\/wp\/v2\/product\/2121","targetHints":{"allow":["GET"]}}],"collection":[{"href":"https:\/\/shop.mittgard.de\/index.php?rest_route=\/wp\/v2\/product"}],"about":[{"href":"https:\/\/shop.mittgard.de\/index.php?rest_route=\/wp\/v2\/types\/product"}],"wp:featuredmedia":[{"embeddable":true,"href":"https:\/\/shop.mittgard.de\/index.php?rest_route=\/wp\/v2\/media\/8136"}],"wp:attachment":[{"href":"https:\/\/shop.mittgard.de\/index.php?rest_route=%2Fwp%2Fv2%2Fmedia&parent=2121"}],"wp:term":[{"taxonomy":"product_brand","embeddable":true,"href":"https:\/\/shop.mittgard.de\/index.php?rest_route=%2Fwp%2Fv2%2Fproduct_brand&post=2121"},{"taxonomy":"product_cat","embeddable":true,"href":"https:\/\/shop.mittgard.de\/index.php?rest_route=%2Fwp%2Fv2%2Fproduct_cat&post=2121"},{"taxonomy":"product_tag","embeddable":true,"href":"https:\/\/shop.mittgard.de\/index.php?rest_route=%2Fwp%2Fv2%2Fproduct_tag&post=2121"}],"curies":[{"name":"wp","href":"https:\/\/api.w.org\/{rel}","templated":true}]}}