{"id":2318,"date":"2018-06-22T15:31:13","date_gmt":"2018-06-22T13:31:13","guid":{"rendered":"http:\/\/shop.mittgard.de\/?product=import-placeholder-for-1586"},"modified":"2024-12-14T13:18:39","modified_gmt":"2024-12-14T12:18:39","slug":"raeuchereinsteigerset-schale-2","status":"publish","type":"product","link":"https:\/\/shop.mittgard.de\/?product=raeuchereinsteigerset-schale-2","title":{"rendered":"Einsteigerset mit Schale &#8222;Liebe&#8220;"},"content":{"rendered":"<p>1 kleine R\u00e4ucherschale , 1 Rolle R\u00e4ucherkohle, \u2205 3cm, 1 Weihrauch &#8211; Probiert\u00fcte &#8222;Liebe&#8220;, 1 P\u00e4ckchen Nag Champa<\/p>\n<p>Die Probiert\u00fcte beinhaltet:\u00a0 Opoponax, Benzoe, Sandelholz, Patchouli und Rosenbl\u00fcten<\/p>\n","protected":false},"excerpt":{"rendered":"<p>1 kleine R\u00e4ucherschale , 1 Rolle R\u00e4ucherkohle, \u2205 3cm, 1 Weihrauch &#8211; Probiert\u00fcte &#8222;Liebe&#8220;, 1 P\u00e4ckchen Nag Champa Die Probiert\u00fcte beinhaltet:\u00a0 Opoponax, Benzoe, Sandelholz, Patchouli und Rosenbl\u00fcten<\/p>\n","protected":false},"featured_media":6819,"template":"","meta":[],"product_brand":[],"product_cat":[128,110],"product_tag":[131,145,129],"class_list":{"0":"post-2318","1":"product","2":"type-product","3":"status-publish","4":"has-post-thumbnail","6":"product_cat-einsteigerset","7":"product_cat-raeucherwerk","8":"product_tag-aphrodisierend","9":"product_tag-schwer","10":"product_tag-suesslich","11":"product_shipping_class-paket","13":"first","14":"instock","15":"taxable","16":"shipping-taxable","17":"purchasable","18":"product-type-simple"},"_links":{"self":[{"href":"https:\/\/shop.mittgard.de\/index.php?rest_route=\/wp\/v2\/product\/2318","targetHints":{"allow":["GET"]}}],"collection":[{"href":"https:\/\/shop.mittgard.de\/index.php?rest_route=\/wp\/v2\/product"}],"about":[{"href":"https:\/\/shop.mittgard.de\/index.php?rest_route=\/wp\/v2\/types\/product"}],"wp:featuredmedia":[{"embeddable":true,"href":"https:\/\/shop.mittgard.de\/index.php?rest_route=\/wp\/v2\/media\/6819"}],"wp:attachment":[{"href":"https:\/\/shop.mittgard.de\/index.php?rest_route=%2Fwp%2Fv2%2Fmedia&parent=2318"}],"wp:term":[{"taxonomy":"product_brand","embeddable":true,"href":"https:\/\/shop.mittgard.de\/index.php?rest_route=%2Fwp%2Fv2%2Fproduct_brand&post=2318"},{"taxonomy":"product_cat","embeddable":true,"href":"https:\/\/shop.mittgard.de\/index.php?rest_route=%2Fwp%2Fv2%2Fproduct_cat&post=2318"},{"taxonomy":"product_tag","embeddable":true,"href":"https:\/\/shop.mittgard.de\/index.php?rest_route=%2Fwp%2Fv2%2Fproduct_tag&post=2318"}],"curies":[{"name":"wp","href":"https:\/\/api.w.org\/{rel}","templated":true}]}}